{"id":8,"date":"2015-06-12T10:34:54","date_gmt":"2015-06-12T10:34:54","guid":{"rendered":"http:\/\/dummy.wedesignthemes.com\/veda\/attorney\/?page_id=8"},"modified":"2021-06-14T15:24:00","modified_gmt":"2021-06-14T08:24:00","slug":"ve-phildenson","status":"publish","type":"page","link":"https:\/\/phidenson.com\/en\/ve-phildenson\/","title":{"rendered":"Phildenson"},"content":{"rendered":"<div class=\"wpb-content-wrapper\"><div class=\"vc_row wpb_row vc_row-fluid\"><div class=\"wpb_column vc_column_container vc_col-sm-4\"><div class=\"vc_column-inner\"><div class=\"wpb_wrapper\"><\/div><\/div><\/div><div class=\"wpb_column vc_column_container vc_col-sm-8\"><div class=\"vc_column-inner\"><div class=\"wpb_wrapper\"><h4 style=\"text-align: left\" class=\"vc_custom_heading\" ><\/h4>\r\n\t<div class=\"wpb_text_column wpb_content_element  vc_custom_1623657908035\"  >\r\n\t\t<div class=\"wpb_wrapper\">\r\n\t\t\t<p><span style=\"font-weight: 400;\">V\u0102N PH\u00d2NG LU\u1eacT S\u01af PHIDENSON VI\u1ec6T NAM, ti\u1ec1n th\u00e2n l\u00e0 H\u00c3NG LU\u1eacT PHIDENSON t\u1ef1 h\u00e0o l\u00e0 V\u0103n Ph\u00f2ng Lu\u1eadt S\u01b0 nh\u1eadn \u0111\u01b0\u1ee3c s\u1ef1 t\u00edn nhi\u1ec7m cao c\u1ee7a Kh\u00e1ch h\u00e0ng. Ch\u00fang t\u00f4i kh\u00f4ng ch\u1ec9 l\u00e0 Ng\u01b0\u1eddi T\u01b0 V\u1ea5n m\u00e0 c\u00f2n l\u00e0 \u0110\u1ed1i T\u00e1c tin c\u1eady, cam k\u1ebft \u0111\u1ed3ng h\u00e0nh c\u00f9ng Kh\u00e1ch h\u00e0ng trong su\u1ed1t qu\u00e1 tr\u00ecnh kinh doanh.<\/span><\/p>\n\r\n\t\t<\/div>\r\n\t<\/div>\r\n<div class=\"vc_row wpb_row vc_inner vc_row-fluid vc_custom_1449560056571\"><div class=\"wpb_column vc_column_container vc_col-sm-6\"><div class=\"vc_column-inner\"><div class=\"wpb_wrapper\">\r\n\t<div class=\"wpb_text_column wpb_content_element  vc_custom_1623658003031\"  >\r\n\t\t<div class=\"wpb_wrapper\">\r\n\t\t\t<p><span style=\"font-weight: 400;\">Nh\u1edd th\u1ef1c ti\u1ec5n ho\u1ea1t \u0111\u1ed9ng ph\u00e1p l\u00fd chuy\u00ean nghi\u1ec7p v\u00e0 hi\u1ec7u qu\u1ea3, PHIDENSON ti\u00ean phong v\u00e0 ghi d\u1ea5u th\u00e0nh c\u00f4ng trong c\u00e1c l\u0129nh v\u1ef1c t\u01b0 v\u1ea5n \u0110\u1ea7u t\u01b0, Th\u01b0\u01a1ng m\u1ea1i, qu\u1ea3n tr\u1ecb Doanh nghi\u1ec7p, S\u1edf h\u1eefu tr\u00ed tu\u1ec7. PHIDENSON c\u0169ng \u0111\u00e3 v\u00e0 \u0111ang l\u00e0 Lu\u1eadt s\u01b0 \u0111\u1ea1i di\u1ec7n, Lu\u1eadt s\u01b0 b\u1ea3o v\u1ec7 quy\u1ec1n v\u00e0 l\u1ee3i \u00edch h\u1ee3p ph\u00e1p c\u1ee7a Kh\u00e1ch h\u00e0ng trong r\u1ea5t nhi\u1ec1u V\u1ee5 vi\u1ec7c Kinh t\u1ebf &#8211; D\u00e2n s\u1ef1 &#8211; H\u00f4n Nh\u00e2n Gia \u0110\u00ecnh.<\/span><\/p>\n\r\n\t\t<\/div>\r\n\t<\/div>\r\n<\/div><\/div><\/div><div class=\"wpb_column vc_column_container vc_col-sm-6\"><div class=\"vc_column-inner\"><div class=\"wpb_wrapper\"><blockquote class='type1' ><q>Lorem ipsum dolor sit amet, consectetur adipiscing elit, sed do eiusmod tempor incididunt ut labore et dolore magna aliqua.<\/q><\/blockquote><\/div><\/div><\/div><\/div><div class=\"vc_empty_space\"   style=\"height: 15px\"><span class=\"vc_empty_space_inner\"><\/span><\/div>\r\n\t<div class=\"wpb_text_column wpb_content_element\"  >\r\n\t\t<div class=\"wpb_wrapper\">\r\n\t\t\t<p><span style=\"font-weight: 400;\">V\u1edbi ho\u1ea1t \u0111\u1ed9ng s\u00e2u r\u1ed9ng, Kh\u00e1ch h\u00e0ng h\u1ee3p t\u00e1c c\u00f9ng PHIDENSON kh\u00f4ng ch\u1ec9 l\u00e0 c\u00e1c c\u00e1 nh\u00e2n, Doanh nghi\u1ec7p m\u00e0 c\u00f2n l\u00e0 c\u00e1c t\u1eadp \u0111o\u00e0n \u0111a qu\u1ed1c gia, c\u00e1c t\u1ed5 ch\u1ee9c t\u00edn d\u1ee5ng, Ng\u00e2n h\u00e0ng l\u1edbn tr\u00ean th\u1ebf gi\u1edbi. T\u00e2m nguy\u1ec7n l\u1edbn nh\u1ea5t c\u1ee7a PHIDENSON l\u00e0 x\u00e2y d\u1ef1ng s\u1ef1 H\u1ee2P T\u00c1C THI\u1ec6N CH\u00cd v\u00e0 C\u00c2N B\u1eb0NG L\u1ee2I \u00cdCH. <\/span><\/p>\n\r\n\t\t<\/div>\r\n\t<\/div>\r\n\r\n\t<div class=\"wpb_text_column wpb_content_element\"  >\r\n\t\t<div class=\"wpb_wrapper\">\r\n\t\t\t<p><span style=\"font-weight: 400;\">Ch\u00fang t\u00f4i n\u1ed7 l\u1ef1c kh\u00f4ng ng\u1eebng cho m\u1ee5c ti\u00eau x\u00e2y d\u1ef1ng h\u00ecnh \u1ea3nh v\u1ec1 m\u1ed9t PHIDENSON n\u0103ng \u0111\u1ed9ng, hi\u1ec7n \u0111\u1ea1i, h\u00f2a nh\u1eadp c\u00f9ng xu h\u01b0\u1edbng h\u1ee3p t\u00e1c qu\u1ed1c t\u1ebf, n\u00e2ng cao t\u1ea7m v\u00f3c Lu\u1eadt s\u01b0 trong t\u00e2m th\u1ee9c ng\u01b0\u1eddi d\u00e2n v\u00e0 Doanh nghi\u1ec7p.<\/span><b> \u00a0 \u00a0 \u00a0 <\/b><\/p>\n\r\n\t\t<\/div>\r\n\t<\/div>\r\n<div class=\"vc_empty_space\"   style=\"height: 15px\"><span class=\"vc_empty_space_inner\"><\/span><\/div><h4 style=\"text-align: left\" class=\"vc_custom_heading\" >Our growth over the years<\/h4><div class=\"vc_empty_space\"   style=\"height: 15px\"><span class=\"vc_empty_space_inner\"><\/span><\/div><div class=\"dt-sc-progress-wrapper\"><div class=\"dt-sc-bar-title\">Emplaoyment law<\/div><div class=\"dt-sc-progress dt-sc-standard\"><div class=\"dt-sc-bar\" style='background-color:#cda85c;' data-value=\"95\"><div class=\"dt-sc-bar-text\"><span> 95% <\/span><\/div><\/div><\/div><\/div><div class='dt-sc-hr-invisible-xsmall'> <\/div><div class=\"dt-sc-progress-wrapper\"><div class=\"dt-sc-bar-title\">Discrimination<\/div><div class=\"dt-sc-progress dt-sc-standard\"><div class=\"dt-sc-bar\" style='background-color:#cda85c;' data-value=\"80\"><div class=\"dt-sc-bar-text\"><span> 80% <\/span><\/div><\/div><\/div><\/div><div class='dt-sc-hr-invisible-xsmall'> <\/div><div class=\"dt-sc-progress-wrapper\"><div class=\"dt-sc-bar-title\">Retaliation<\/div><div class=\"dt-sc-progress dt-sc-standard\"><div class=\"dt-sc-bar\" style='background-color:#cda85c;' data-value=\"75\"><div class=\"dt-sc-bar-text\"><span> 75% <\/span><\/div><\/div><\/div><\/div><div class='dt-sc-hr-invisible-xsmall'> <\/div><div class=\"dt-sc-progress-wrapper\"><div class=\"dt-sc-bar-title\">Sexual arrassment<\/div><div class=\"dt-sc-progress dt-sc-standard\"><div class=\"dt-sc-bar\" style='background-color:#cda85c;' data-value=\"70\"><div class=\"dt-sc-bar-text\"><span> 70% <\/span><\/div><\/div><\/div><\/div><div class='dt-sc-hr-invisible-xsmall'> <\/div><div class=\"dt-sc-progress-wrapper\"><div class=\"dt-sc-bar-title\">Domestic Violence<\/div><div class=\"dt-sc-progress dt-sc-standard\"><div class=\"dt-sc-bar\" style='background-color:#cda85c;' data-value=\"60\"><div class=\"dt-sc-bar-text\"><span> 60% <\/span><\/div><\/div><\/div><\/div><\/div><\/div><\/div><\/div><div class=\"vc_row wpb_row vc_row-fluid\"><div class=\"rs_col_no_btm_space wpb_column vc_column_container vc_col-sm-12\"><div class=\"vc_column-inner\"><div class=\"wpb_wrapper\"><div class='dt-sc-hr-invisible-large'> <\/div><div class=\"vc_empty_space\"   style=\"height: 20px\"><span class=\"vc_empty_space_inner\"><\/span><\/div><\/div><\/div><\/div><\/div><div  style='background-size:cover;' data-vc-full-width=\"true\" data-vc-full-width-init=\"false\" class=\"vc_row wpb_row vc_row-fluid dt-sc-dark-bg vc_custom_1459919401629 vc_row-has-fill vc_row-o-equal-height vc_row-o-content-middle vc_row-flex\"><div class=\"rs_col_no_btm_space wpb_column vc_column_container vc_col-sm-12\"><div class=\"vc_column-inner\"><div class=\"wpb_wrapper\">\r\n\t<div class=\"wpb_text_column wpb_content_element  vc_custom_1449552163428 aligncenter\"  >\r\n\t\t<div class=\"wpb_wrapper\">\r\n\t\t\t<p><i>We have the positive feedback <\/i><\/p>\n<h2>WHAT WE DO<\/h2>\n\r\n\t\t<\/div>\r\n\t<\/div>\r\n<div class='dt-sc-hr-invisible-small'> <\/div><div class='dt-sc-hr-invisible-small'> <\/div><div class=\"vc_row wpb_row vc_inner vc_row-fluid\"><div class=\"wpb_column vc_column_container vc_col-sm-4\"><div class=\"vc_column-inner\"><div class=\"wpb_wrapper\">\r\n\t<div class=\"wpb_text_column wpb_content_element  vc_custom_1449553130417\"  >\r\n\t\t<div class=\"wpb_wrapper\">\r\n\t\t\t<h6 style=\"font-size: 14px;\">CONSECTETUR ADIPISCING ELIT<\/h6>\n<p style=\"color: #999999;\">Lorem ipsum dolor sit amet, consectetur adipiscing elit, sed do eiusmod tempor incididunt ut labore et dolore magna aliqua. Ut enim ad minim veniam, quis nostrud exercitation ullamco laboris nisi ut aliquip ex ea <br> <br> Commodo consequat. Duis aute irure dolor in reprehenderit in voluptate velit esse cillum dolore eu fugiat nulla pariatur. Excepteur sint occaecat<\/p>\n\r\n\t\t<\/div>\r\n\t<\/div>\r\n<\/div><\/div><\/div><div class=\"wpb_column vc_column_container vc_col-sm-4\"><div class=\"vc_column-inner\"><div class=\"wpb_wrapper\"><\/div><\/div><\/div><div class=\"wpb_column vc_column_container vc_col-sm-4\"><div class=\"vc_column-inner\"><div class=\"wpb_wrapper\"><ul class='dt-sc-fancy-list   rounded-tick-alter'>\n<li>Lorem ipsum dolor sit amet<\/li>\n<li>Consectetur adipiscing elit<\/li>\n<li>Sed do eiusmod tempor incidi<\/li>\n<li>Dunt ut labore et dolore<\/li>\n<li>Magna aliqua. Ut enim ad<\/li>\n<\/ul><\/div><\/div><\/div><\/div><\/div><\/div><\/div><\/div><div class=\"vc_row-full-width vc_clearfix\"><\/div><div class=\"vc_row wpb_row vc_row-fluid\"><div class=\"wpb_column vc_column_container vc_col-sm-12\"><div class=\"vc_column-inner\"><div class=\"wpb_wrapper\"><div class='dt-sc-hr-invisible-large'> <\/div><\/div><\/div><\/div><\/div><div class=\"vc_row wpb_row vc_row-fluid\"><div class=\"wpb_column vc_column_container vc_col-sm-12\"><div class=\"vc_column-inner\"><div class=\"wpb_wrapper\">\r\n\t<div class=\"wpb_text_column wpb_content_element  vc_custom_1449553336277 aligncenter\"  >\r\n\t\t<div class=\"wpb_wrapper\">\r\n\t\t\t<p><i style=\"color: #cda85c;\"> We have the positive feedback <\/i><\/p>\n<h2>FREQUENTLY ASKED QUESTIONS<\/h2>\n\r\n\t\t<\/div>\r\n\t<\/div>\r\n<div class='dt-sc-hr-invisible-small'> <\/div><div class='dt-sc-tabs-horizontal-frame-container dt-sc-faq dt-sc-tabs-aligncenter'><ul class='dt-sc-tabs-horizontal-frame'><li><a href=\"javascript:void(0);\">Lorem ipsum dol<\/a><\/li><li><a href=\"javascript:void(0);\">Excepteur Sint<\/a><\/li><li><a href=\"javascript:void(0);\">Duis Aute Irure<\/a><\/li><\/ul><div class='dt-sc-tabs-horizontal-frame-content'><div class=\"vc_row wpb_row vc_inner vc_row-fluid\"><div class=\"wpb_column vc_column_container vc_col-sm-6\"><div class=\"vc_column-inner\"><div class=\"wpb_wrapper\"><h6 style=\"text-align: left\" class=\"vc_custom_heading\" >Will there be a charge for a new conusltation ?<\/h6>\r\n\t<div class=\"wpb_text_column wpb_content_element\"  >\r\n\t\t<div class=\"wpb_wrapper\">\r\n\t\t\t<p style=\"color: #999999;\">Etiam volutpat gravida odio, finibus tincidunt odio tempor id. Nullam mollis dui lobortis, sagittis magna non, pharetra turpis. Nulla vestibulum gravida risus, sit amet sodales lorem malesuada vel. Aenean porta nec odio ut interdum. Ut pharetra porttitor neque. Maecenas a suscipit velit, vitae elementum lectus. In lectus leo, ullamcorper ut egestas eget, congue vitae dolor.<\/p>\n\r\n\t\t<\/div>\r\n\t<\/div>\r\n<\/div><\/div><\/div><div class=\"wpb_column vc_column_container vc_col-sm-6\"><div class=\"vc_column-inner\"><div class=\"wpb_wrapper\"><h6 style=\"text-align: left\" class=\"vc_custom_heading\" >Who will decide the attorney for my case?<\/h6>\r\n\t<div class=\"wpb_text_column wpb_content_element\"  >\r\n\t\t<div class=\"wpb_wrapper\">\r\n\t\t\t<p style=\"color: #999999;\">Etiam volutpat gravida odio, finibus tincidunt odio tempor id. Nullam mollis dui lobortis, sagittis magna non, pharetra turpis. Nulla vestibulum gravida risus, sit amet sodales lorem malesuada vel. Aenean porta nec odio ut interdum. Ut pharetra porttitor neque. Maecenas a suscipit velit, vitae elementum lectus. In lectus leo, ullamcorper ut egestas eget, congue vitae dolor.<\/p>\n\r\n\t\t<\/div>\r\n\t<\/div>\r\n<\/div><\/div><\/div><\/div><\/div><div class='dt-sc-tabs-horizontal-frame-content'><div class=\"vc_row wpb_row vc_inner vc_row-fluid\"><div class=\"wpb_column vc_column_container vc_col-sm-6\"><div class=\"vc_column-inner\"><div class=\"wpb_wrapper\"><h6 style=\"text-align: left\" class=\"vc_custom_heading\" >Will there be a chance of losing the case?<\/h6>\r\n\t<div class=\"wpb_text_column wpb_content_element\"  >\r\n\t\t<div class=\"wpb_wrapper\">\r\n\t\t\t<p style=\"color: #999999;\">Etiam volutpat gravida odio, finibus tincidunt odio tempor id. Nullam mollis dui lobortis, sagittis magna non, pharetra turpis. Nulla vestibulum gravida risus, sit amet sodales lorem malesuada vel. Aenean porta nec odio ut interdum. Ut pharetra porttitor neque. Maecenas a suscipit velit, vitae elementum lectus. In lectus leo, ullamcorper ut egestas eget, congue vitae dolor.<\/p>\n\r\n\t\t<\/div>\r\n\t<\/div>\r\n<\/div><\/div><\/div><div class=\"wpb_column vc_column_container vc_col-sm-6\"><div class=\"vc_column-inner\"><div class=\"wpb_wrapper\"><h6 style=\"text-align: left\" class=\"vc_custom_heading\" >How long the case will mature after certain period?<\/h6>\r\n\t<div class=\"wpb_text_column wpb_content_element\"  >\r\n\t\t<div class=\"wpb_wrapper\">\r\n\t\t\t<p style=\"color: #999999;\">Etiam volutpat gravida odio, finibus tincidunt odio tempor id. Nullam mollis dui lobortis, sagittis magna non, pharetra turpis. Nulla vestibulum gravida risus, sit amet sodales lorem malesuada vel. Aenean porta nec odio ut interdum. Ut pharetra porttitor neque. Maecenas a suscipit velit, vitae elementum lectus. In lectus leo, ullamcorper ut egestas eget, congue vitae dolor.<\/p>\n\r\n\t\t<\/div>\r\n\t<\/div>\r\n<\/div><\/div><\/div><\/div><\/div><div class='dt-sc-tabs-horizontal-frame-content'><div class=\"vc_row wpb_row vc_inner vc_row-fluid\"><div class=\"wpb_column vc_column_container vc_col-sm-6\"><div class=\"vc_column-inner\"><div class=\"wpb_wrapper\"><h6 style=\"text-align: left\" class=\"vc_custom_heading\" >Who will decide the attorney for my case?<\/h6>\r\n\t<div class=\"wpb_text_column wpb_content_element\"  >\r\n\t\t<div class=\"wpb_wrapper\">\r\n\t\t\t<p style=\"color: #999999;\">Etiam volutpat gravida odio, finibus tincidunt odio tempor id. Nullam mollis dui lobortis, sagittis magna non, pharetra turpis. Nulla vestibulum gravida risus, sit amet sodales lorem malesuada vel. Aenean porta nec odio ut interdum. Ut pharetra porttitor neque. Maecenas a suscipit velit, vitae elementum lectus. In lectus leo, ullamcorper ut egestas eget, congue vitae dolor.<\/p>\n\r\n\t\t<\/div>\r\n\t<\/div>\r\n<\/div><\/div><\/div><div class=\"wpb_column vc_column_container vc_col-sm-6\"><div class=\"vc_column-inner\"><div class=\"wpb_wrapper\"><h6 style=\"text-align: left\" class=\"vc_custom_heading\" >Will there be a charge for a new conusltation ?<\/h6>\r\n\t<div class=\"wpb_text_column wpb_content_element\"  >\r\n\t\t<div class=\"wpb_wrapper\">\r\n\t\t\t<p style=\"color: #999999;\">Etiam volutpat gravida odio, finibus tincidunt odio tempor id. Nullam mollis dui lobortis, sagittis magna non, pharetra turpis. Nulla vestibulum gravida risus, sit amet sodales lorem malesuada vel. Aenean porta nec odio ut interdum. Ut pharetra porttitor neque. Maecenas a suscipit velit, vitae elementum lectus. In lectus leo, ullamcorper ut egestas eget, congue vitae dolor.<\/p>\n\r\n\t\t<\/div>\r\n\t<\/div>\r\n<\/div><\/div><\/div><\/div><\/div><\/div><div class=\"vc_empty_space\"   style=\"height: 120px\"><span class=\"vc_empty_space_inner\"><\/span><\/div><\/div><\/div><\/div><\/div><div data-vc-full-width=\"true\" data-vc-full-width-init=\"false\" class=\"vc_row wpb_row vc_row-fluid dt-sc-highlight dt-sc-overflow_visible\"><div class=\"wpb_column vc_column_container vc_col-sm-3\"><div class=\"vc_column-inner\"><div class=\"wpb_wrapper\"><div class='dt-sc-counter type3'><div class='dt-sc-couter-icon-holder'><div class='icon-wrapper'><span class='pe-icon pe-news-paper'> <\/span><\/div><div class='dt-sc-counter-number' data-value='546' >546<\/div><\/div><h4>Cases Completed<\/h4><\/div><\/div><\/div><\/div><div class=\"wpb_column vc_column_container vc_col-sm-3\"><div class=\"vc_column-inner\"><div class=\"wpb_wrapper\"><div class='dt-sc-counter type3'><div class='dt-sc-couter-icon-holder'><div class='icon-wrapper'><span class='pe-icon pe-study'> <\/span><\/div><div class='dt-sc-counter-number' data-value='15' data-append='+'>15<\/div><\/div><h4>Law Services<\/h4><\/div><\/div><\/div><\/div><div class=\"wpb_column vc_column_container vc_col-sm-3\"><div class=\"vc_column-inner\"><div class=\"wpb_wrapper\"><div class='dt-sc-counter type3'><div class='dt-sc-couter-icon-holder'><div class='icon-wrapper'><span class='pe-icon pe-users'> <\/span><\/div><div class='dt-sc-counter-number' data-value='20' data-append='+'>20<\/div><\/div><h4>Attorneys<\/h4><\/div><\/div><\/div><\/div><div class=\"last wpb_column vc_column_container vc_col-sm-3\"><div class=\"vc_column-inner\"><div class=\"wpb_wrapper\"><div class='dt-sc-counter type3'><div class='dt-sc-couter-icon-holder'><div class='icon-wrapper'><span class='pe-icon pe-target'> <\/span><\/div><div class='dt-sc-counter-number' data-value='90' data-append='%'>90<\/div><\/div><h4>Success Case<\/h4><\/div><\/div><\/div><\/div><\/div><div class=\"vc_row-full-width vc_clearfix\"><\/div><div class=\"vc_row wpb_row vc_row-fluid\"><div class=\"wpb_column vc_column_container vc_col-sm-12\"><div class=\"vc_column-inner\"><div class=\"wpb_wrapper\"><div class='dt-sc-hr-invisible-large'> <\/div><\/div><\/div><\/div><\/div><div class=\"vc_row wpb_row vc_row-fluid\"><div class=\"wpb_column vc_column_container vc_col-sm-12\"><div class=\"vc_column-inner\"><div class=\"wpb_wrapper\">\r\n\t<div class=\"wpb_text_column wpb_content_element  vc_custom_1449553824512\"  >\r\n\t\t<div class=\"wpb_wrapper\">\r\n\t\t\t<p><i style=\"color: #cda85c;\"> Best in Profession <\/i><\/p>\n<h2>OUR ATTORNEYS<\/h2>\n\r\n\t\t<\/div>\r\n\t<\/div>\r\n<div class='dt-sc-hr-invisible-small'> <\/div><div class=\"vc_row wpb_row vc_inner vc_row-fluid\"><div class=\"rs_col-sm-6 wpb_column vc_column_container vc_col-sm-3\"><div class=\"vc_column-inner\"><div class=\"wpb_wrapper\"><div class='dt-sc-team'><div class='dt-sc-team-thumb'><\/div><div class='dt-sc-team-details'><h4>Marc Coppolo<\/h4><h5>Associate Crime<\/h5><ul class='dt-sc-team-social'><li><a class=\"fa fa-twitter\" href=\"#\" title=\"Twitter\"><\/a><\/li><li><a class=\"fa fa-facebook\" href=\"#\" title=\"Facebook\"><\/a><\/li><li><a class=\"fa fa-google-plus\" href=\"#\" title=\"Google\"><\/a><\/li><li><a class=\"fa fa-linkedin\" href=\"#\" title=\"Linkedin\"><\/a><\/li><\/ul><\/div><\/div><\/div><\/div><\/div><div class=\"rs_col-sm-6 wpb_column vc_column_container vc_col-sm-3\"><div class=\"vc_column-inner\"><div class=\"wpb_wrapper\"><div class='dt-sc-team'><div class='dt-sc-team-thumb'><\/div><div class='dt-sc-team-details'><h4>Lindsay Lohan<\/h4><h5>Associate Economics<\/h5><ul class='dt-sc-team-social'><li><a class=\"fa fa-twitter\" href=\"#\" title=\"Twitter\"><\/a><\/li><li><a class=\"fa fa-facebook\" href=\"#\" title=\"Facebook\"><\/a><\/li><li><a class=\"fa fa-google-plus\" href=\"#\" title=\"Google\"><\/a><\/li><li><a class=\"fa fa-linkedin\" href=\"#\" title=\"Linkedin\"><\/a><\/li><\/ul><\/div><\/div><\/div><\/div><\/div><div class=\"rs_col-sm-6 wpb_column vc_column_container vc_col-sm-3\"><div class=\"vc_column-inner\"><div class=\"wpb_wrapper\"><div class='dt-sc-team'><div class='dt-sc-team-thumb'><\/div><div class='dt-sc-team-details'><h4>Daniel Craig<\/h4><h5>Associate Crime<\/h5><ul class='dt-sc-team-social'><li><a class=\"fa fa-twitter\" href=\"#\" title=\"Twitter\"><\/a><\/li><li><a class=\"fa fa-facebook\" href=\"#\" title=\"Facebook\"><\/a><\/li><li><a class=\"fa fa-google-plus\" href=\"#\" title=\"Google\"><\/a><\/li><li><a class=\"fa fa-linkedin\" href=\"#\" title=\"Linkedin\"><\/a><\/li><\/ul><\/div><\/div><\/div><\/div><\/div><div class=\"rs_col-sm-6 wpb_column vc_column_container vc_col-sm-3\"><div class=\"vc_column-inner\"><div class=\"wpb_wrapper\"><div class='dt-sc-team'><div class='dt-sc-team-thumb'><\/div><div class='dt-sc-team-details'><h4>James Wan<\/h4><h5>Project Manager<\/h5><ul class='dt-sc-team-social'><li><a class=\"fa fa-twitter\" href=\"#\" title=\"Twitter\"><\/a><\/li><li><a class=\"fa fa-facebook\" href=\"#\" title=\"Facebook\"><\/a><\/li><li><a class=\"fa fa-google-plus\" href=\"#\" title=\"Google\"><\/a><\/li><li><a class=\"fa fa-linkedin\" href=\"#\" title=\"Linkedin\"><\/a><\/li><\/ul><\/div><\/div><\/div><\/div><\/div><\/div><\/div><\/div><\/div><\/div><div class=\"vc_row wpb_row vc_row-fluid\"><div class=\"wpb_column vc_column_container vc_col-sm-12\"><div class=\"vc_column-inner\"><div class=\"wpb_wrapper\"><div class=\"vc_empty_space\"   style=\"height: 70px\"><span class=\"vc_empty_space_inner\"><\/span><\/div><\/div><\/div><\/div><\/div><div class=\"vc_row wpb_row vc_row-fluid\"><div class=\"wpb_column vc_column_container vc_col-sm-12\"><div class=\"vc_column-inner\"><div class=\"wpb_wrapper\"><div class=\"vc_row wpb_row vc_inner vc_row-fluid\"><div class=\"wpb_column vc_column_container vc_col-sm-4\"><div class=\"vc_column-inner\"><div class=\"wpb_wrapper\"><div class='dt-sc-contact-info type2'><span class='pe-icon pe-call'> <\/span><h6>Talk to us<\/h6><strong>Toll Free:<\/strong> 1224 2234 LAW\u00a0<br> <strong>Fax:<\/strong> 1224 2235 225<\/div><\/div><\/div><\/div><div class=\"wpb_column vc_column_container vc_col-sm-4\"><div class=\"vc_column-inner\"><div class=\"wpb_wrapper\"><div class='dt-sc-contact-info type2'><span class='pe-icon pe-mail'> <\/span><h6>Mail us @<\/h6><a title=\"\" href=\"#\"> admin@thelaw.com <\/a> <br><a title=\"\" href=\"#\"> support@thelaw.com <\/a><\/div><\/div><\/div><\/div><div class=\"wpb_column vc_column_container vc_col-sm-4\"><div class=\"vc_column-inner\"><div class=\"wpb_wrapper\"><div class='dt-sc-contact-info type2'><span class='pe-icon pe-map-marker'> <\/span><h6>Our Location<\/h6>625 @ David Blake Road, <br> Adventureland, LA 14536, USA<\/div><\/div><\/div><\/div><\/div><div class='dt-sc-hr-invisible-large'> <\/div><\/div><\/div><\/div><\/div><div data-vc-full-width=\"true\" data-vc-full-width-init=\"false\" class=\"vc_row wpb_row vc_row-fluid dt-sc-dark-bg vc_custom_1455341491925 vc_row-has-fill\"><div class=\"wpb_column vc_column_container vc_col-sm-12\"><div class=\"vc_column-inner\"><div class=\"wpb_wrapper\"><div class='dt-sc-newsletter-section type7'><h2>SUBSCRIBE TO NEWSLETTER<\/h2><form name=\"frmNewsletter\" class=\"dt-sc-subscribe-frm\" action=\"#\" method=\"post\" data-trp-original-action=\"#\"><input type='email' name='mc_email' id='mc_email' required='required' placeholder='Enter Email'><input type='submit' name='mc_submit' id='mc_submit' value='submit'><input type='hidden' name='mc_listid' id='mc_listid' value=''><input type='hidden' name='mc_apikey' id='mc_apikey' value=''><input type=\"hidden\" name=\"trp-form-language\" value=\"en\"\/><\/form><div class='newsletter-tooltip'>Join 138,554 who are already getting the benefits<\/div><div class=\"dt_ajax_subscribe_msg\"><\/div><\/div><\/div><\/div><\/div><\/div><div class=\"vc_row-full-width vc_clearfix\"><\/div>\n<\/div>","protected":false},"excerpt":{"rendered":"V\u0102N PH\u00d2NG LU\u1eacT S\u01af PHIDENSON VI\u1ec6T NAM, ti\u1ec1n th\u00e2n l\u00e0 H\u00c3NG LU\u1eacT PHIDENSON t\u1ef1 h\u00e0o l\u00e0 V\u0103n Ph\u00f2ng Lu\u1eadt S\u01b0 nh\u1eadn \u0111\u01b0\u1ee3c s\u1ef1 t\u00edn nhi\u1ec7m cao c\u1ee7a Kh\u00e1ch h\u00e0ng. Ch\u00fang t\u00f4i kh\u00f4ng ch\u1ec9 l\u00e0 Ng\u01b0\u1eddi T\u01b0 V\u1ea5n m\u00e0 c\u00f2n l\u00e0 \u0110\u1ed1i T\u00e1c tin c\u1eady, cam k\u1ebft \u0111\u1ed3ng h\u00e0nh c\u00f9ng Kh\u00e1ch h\u00e0ng trong su\u1ed1t qu\u00e1 tr\u00ecnh [...]","protected":false},"author":1,"featured_media":0,"parent":0,"menu_order":0,"comment_status":"open","ping_status":"open","template":"","meta":{"footnotes":""},"class_list":["post-8","page","type-page","status-publish","hentry"],"_links":{"self":[{"href":"https:\/\/phidenson.com\/en\/wp-json\/wp\/v2\/pages\/8","targetHints":{"allow":["GET"]}}],"collection":[{"href":"https:\/\/phidenson.com\/en\/wp-json\/wp\/v2\/pages"}],"about":[{"href":"https:\/\/phidenson.com\/en\/wp-json\/wp\/v2\/types\/page"}],"author":[{"embeddable":true,"href":"https:\/\/phidenson.com\/en\/wp-json\/wp\/v2\/users\/1"}],"replies":[{"embeddable":true,"href":"https:\/\/phidenson.com\/en\/wp-json\/wp\/v2\/comments?post=8"}],"version-history":[{"count":4,"href":"https:\/\/phidenson.com\/en\/wp-json\/wp\/v2\/pages\/8\/revisions"}],"predecessor-version":[{"id":5353,"href":"https:\/\/phidenson.com\/en\/wp-json\/wp\/v2\/pages\/8\/revisions\/5353"}],"wp:attachment":[{"href":"https:\/\/phidenson.com\/en\/wp-json\/wp\/v2\/media?parent=8"}],"curies":[{"name":"wp","href":"https:\/\/api.w.org\/{rel}","templated":true}]}}