{"id":5628,"date":"2021-06-15T16:24:27","date_gmt":"2021-06-15T09:24:27","guid":{"rendered":"https:\/\/phidenson.com\/?page_id=5628"},"modified":"2021-06-15T16:32:01","modified_gmt":"2021-06-15T09:32:01","slug":"luat-su-tranh-tung-luat-su-dai-dien-2","status":"publish","type":"page","link":"https:\/\/phidenson.com\/en\/dich-vu\/luat-su-tranh-tung-luat-su-dai-dien-2\/","title":{"rendered":"Lu\u1eadt s\u01b0 tranh t\u1ee5ng \/ lu\u1eadt s\u01b0 \u0111\u1ea1i di\u1ec7n"},"content":{"rendered":"<div class=\"wpb-content-wrapper\"><div class=\"vc_row wpb_row vc_row-fluid\"><div class=\"wpb_column vc_column_container vc_col-sm-12\"><div class=\"vc_column-inner\"><div class=\"wpb_wrapper\">\r\n\t<div class=\"wpb_text_column wpb_content_element\"  >\r\n\t\t<div class=\"wpb_wrapper\">\r\n\t\t\t<p><img loading=\"lazy\" decoding=\"async\" class=\"alignnone wp-image-5635 size-full\" src=\"https:\/\/phidenson.com\/wp-content\/uploads\/2021\/06\/bannertoa-an.jpg\" alt=\"\" width=\"1502\" height=\"395\" srcset=\"https:\/\/phidenson.com\/wp-content\/uploads\/2021\/06\/bannertoa-an.jpg 1502w, https:\/\/phidenson.com\/wp-content\/uploads\/2021\/06\/bannertoa-an-300x79.jpg 300w, https:\/\/phidenson.com\/wp-content\/uploads\/2021\/06\/bannertoa-an-1024x269.jpg 1024w, https:\/\/phidenson.com\/wp-content\/uploads\/2021\/06\/bannertoa-an-768x202.jpg 768w, https:\/\/phidenson.com\/wp-content\/uploads\/2021\/06\/bannertoa-an-16x4.jpg 16w\" sizes=\"auto, (max-width: 1502px) 100vw, 1502px\" \/><\/p>\n\r\n\t\t<\/div>\r\n\t<\/div>\r\n<div class='dt-sc-hr-invisible-small'> <\/div><\/div><\/div><\/div><\/div><div class=\"vc_row wpb_row vc_row-fluid\"><div class=\"wpb_column vc_column_container vc_col-sm-12\"><div class=\"vc_column-inner\"><div class=\"wpb_wrapper\">\r\n\t<div class=\"wpb_text_column wpb_content_element  vc_custom_1623748578644 aligncenter\"  >\r\n\t\t<div class=\"wpb_wrapper\">\r\n\t\t\t<h2 style=\"text-align: center;\">D\u1ecaCH V\u1ee4 V\u1ec0 THU\u1ebe<\/h2>\n<p>Tranh ch\u1ea5p trong ho\u1ea1t \u0111\u1ed9ng kinh doanh th\u01b0\u01a1ng m\u1ea1i, trong c\u00e1c giao d\u1ecbch d\u00e2n s\u1ef1 l\u00e0 m\u1ed9t\u00a0 ch\u1ea5p trong kinh doanh\u00a0\u00a0\u00a0\u00a0\u00a0 &#8211; th\u01b0\u01a1ng m\u1ea1i, d\u00e2n s\u1ef1, h\u00f4n nh\u00e2n gia \u0111\u00ecnh.<\/p>\n<p style=\"text-align: left;\"><br> <strong>V\u0103n Ph\u00f2ng Lu\u1eadt S\u01b0 PHIDENSON Vi\u1ec7t Nam h\u1ed7 tr\u1ee3 v\u00e0 th\u1ef1c hi\u1ec7n c\u00e1c d\u1ecbch v\u1ee5 sau t\u1edbi Kh\u00e1ch h\u00e0ng:<\/strong><\/p>\n<p style=\"text-align: left;\">dt_sc_br \/]<\/p>\n\r\n\t\t<\/div>\r\n\t<\/div>\r\n<\/div><\/div><\/div><\/div><div  style='background-size:cover;' data-vc-full-width=\"true\" data-vc-full-width-init=\"false\" class=\"vc_row wpb_row vc_row-fluid vc_custom_1458211184581 vc_row-has-fill\"><div class=\"wpb_column vc_column_container vc_col-sm-12\"><div class=\"vc_column-inner\"><div class=\"wpb_wrapper\">\r\n\t<div class=\"wpb_text_column wpb_content_element  vc_custom_1623748259923\"  >\r\n\t\t<div class=\"wpb_wrapper\">\r\n\t\t\t<ul class=\"dt-sc-practices-list\">\n<li><a href=\"#\">Ph\u00e2n t\u00edch hi\u1ec7n tr\u1ea1ng V\u1ee5 vi\u1ec7c, m\u1ee5c ti\u00eau, th\u1ebf m\u1ea1nh v\u00e0 nh\u1eefng b\u1ea5t l\u1ee3i;<\/a><\/li>\n<li><a href=\"#\">\u0110a\u0323i di\u00ea\u0323n th\u00e2n ch\u1ee7 ti\u00ea\u0301p xu\u0301c, \u0111\u00e0m ph\u00e1n v\u01a1\u0301i c\u00e1c b\u00ean li\u00ean quan \u0111\u00ea\u0309 \u0111\u00e0m ph\u00e1n nh\u1eb1m gi\u1ea3i quy\u1ebft tranh ch\u1ea5p b\u1eb1ng con \u0111\u01b0\u1eddng th\u01b0\u01a1ng l\u01b0\u1ee3ng, h\u00f2a gi\u1ea3i;<\/a><\/li>\n<li><a href=\"#\">Ph\u00e1i c\u1eed Lu\u1eadt s\u01b0 tham gia gi\u1ea3i quy\u1ebft tranh ch\u1ea5p, so\u1ea1n th\u1ea3o c\u00e1c v\u0103n b\u1ea3n c\u1ea7n thi\u1ebft trong to\u00e0n b\u1ed9 qu\u00e1 tr\u00ecnh t\u1ed1 t\u1ee5ng;<\/a><\/li>\n<li><a href=\"#\">\u0110\u1ea1i di\u1ec7n cho c\u00e1c c\u00e1 nh\u00e2n, t\u1ed5 ch\u1ee9c tham gia trong qu\u00e1 tr\u00ecnh thi h\u00e0nh \u00e1n.<\/a><\/li>\n<\/ul>\n\r\n\t\t<\/div>\r\n\t<\/div>\r\n<div class='dt-sc-hr-invisible-small'> <\/div>\r\n\t<div class=\"wpb_text_column wpb_content_element  vc_custom_1623748439306 aligncenter\"  >\r\n\t\t<div class=\"wpb_wrapper\">\r\n\t\t\t<p style=\"text-align: left;\">T\u01b0\u01a1ng \u1ee9ng v\u1edbi nh\u1eefng l\u0129nh v\u1ef1c kinh doanh c\u1ee7a m\u00ecnh, Doanh nghi\u1ec7p ph\u1ea3i n\u1ed9p c\u00e1c lo\u1ea1i thu\u1ebf t\u01b0\u01a1ng \u1ee9ng khi c\u00f3 ph\u00e1t sinh c\u00e1c ho\u1ea1t \u0111\u1ed9ng kinh doanh.<br> T\u00f9y thu\u1ed9c v\u00e0o y\u00eau c\u1ea7u c\u1ee7a Kh\u00e1ch h\u00e0ng, V\u0103n Ph\u00f2ng Lu\u1eadt S\u01b0 PHIDENSON Vi\u1ec7t Nam s\u1ebd cung c\u1ea5p t\u1edbi Kh\u00e1ch h\u00e0ng d\u1ecbch v\u1ee5: t\u01b0 v\u1ea5n thu\u1ebf; \u0111\u1ea1i di\u1ec7n ho\u1eb7c h\u1ed7 tr\u1ee3 Kh\u00e1ch h\u00e0ng th\u1ef1c hi\u1ec7n c\u00e1c th\u1ee7 t\u1ee5c k\u00ea khai, n\u1ed9p thu\u1ebf;<br> \u0110\u1ea1i di\u1ec7n ho\u1eb7c h\u1ed7 tr\u1ee3 Kh\u00e1ch h\u00e0ng trong vi\u1ec7c gi\u1ea3i quy\u1ebft c\u00e1c tranh ch\u1ea5p, khi\u1ebfu n\u1ea1i c\u00f3 li\u00ean quan t\u1ea1i c\u01a1 quan thu\u1ebf<\/p>\n\r\n\t\t<\/div>\r\n\t<\/div>\r\n<\/div><\/div><\/div><\/div><div class=\"vc_row-full-width vc_clearfix\"><\/div>\n<\/div>","protected":false},"excerpt":{"rendered":"D\u1ecaCH V\u1ee4 V\u1ec0 THU\u1ebe Tranh ch\u1ea5p trong ho\u1ea1t \u0111\u1ed9ng kinh doanh th\u01b0\u01a1ng m\u1ea1i, trong c\u00e1c giao d\u1ecbch d\u00e2n s\u1ef1 l\u00e0 m\u1ed9t\u00a0 ch\u1ea5p trong kinh doanh\u00a0\u00a0\u00a0\u00a0\u00a0 - th\u01b0\u01a1ng m\u1ea1i, d\u00e2n s\u1ef1, h\u00f4n nh\u00e2n gia \u0111\u00ecnh. V\u0103n Ph\u00f2ng Lu\u1eadt S\u01b0 PHIDENSON Vi\u1ec7t Nam h\u1ed7 tr\u1ee3 v\u00e0 th\u1ef1c hi\u1ec7n c\u00e1c d\u1ecbch v\u1ee5 sau t\u1edbi Kh\u00e1ch h\u00e0ng: dt_sc_br \/] [...]","protected":false},"author":1,"featured_media":0,"parent":4242,"menu_order":0,"comment_status":"closed","ping_status":"closed","template":"","meta":{"footnotes":""},"class_list":["post-5628","page","type-page","status-publish","hentry"],"_links":{"self":[{"href":"https:\/\/phidenson.com\/en\/wp-json\/wp\/v2\/pages\/5628","targetHints":{"allow":["GET"]}}],"collection":[{"href":"https:\/\/phidenson.com\/en\/wp-json\/wp\/v2\/pages"}],"about":[{"href":"https:\/\/phidenson.com\/en\/wp-json\/wp\/v2\/types\/page"}],"author":[{"embeddable":true,"href":"https:\/\/phidenson.com\/en\/wp-json\/wp\/v2\/users\/1"}],"replies":[{"embeddable":true,"href":"https:\/\/phidenson.com\/en\/wp-json\/wp\/v2\/comments?post=5628"}],"version-history":[{"count":5,"href":"https:\/\/phidenson.com\/en\/wp-json\/wp\/v2\/pages\/5628\/revisions"}],"predecessor-version":[{"id":5636,"href":"https:\/\/phidenson.com\/en\/wp-json\/wp\/v2\/pages\/5628\/revisions\/5636"}],"up":[{"embeddable":true,"href":"https:\/\/phidenson.com\/en\/wp-json\/wp\/v2\/pages\/4242"}],"wp:attachment":[{"href":"https:\/\/phidenson.com\/en\/wp-json\/wp\/v2\/media?parent=5628"}],"curies":[{"name":"wp","href":"https:\/\/api.w.org\/{rel}","templated":true}]}}