{"id":5578,"date":"2021-06-15T15:41:10","date_gmt":"2021-06-15T08:41:10","guid":{"rendered":"https:\/\/phidenson.com\/?page_id=5578"},"modified":"2021-06-15T16:16:21","modified_gmt":"2021-06-15T09:16:21","slug":"dich-vu-thue","status":"publish","type":"page","link":"https:\/\/phidenson.com\/en\/dich-vu-thue\/","title":{"rendered":"Thu\u1ebf"},"content":{"rendered":"<div class=\"wpb-content-wrapper\"><div class=\"vc_row wpb_row vc_row-fluid\"><div class=\"wpb_column vc_column_container vc_col-sm-12\"><div class=\"vc_column-inner\"><div class=\"wpb_wrapper\">\r\n\t<div class=\"wpb_text_column wpb_content_element\"  >\r\n\t\t<div class=\"wpb_wrapper\">\r\n\t\t\t<p><img loading=\"lazy\" decoding=\"async\" class=\"alignnone wp-image-5594 size-full\" src=\"https:\/\/phidenson.com\/wp-content\/uploads\/2021\/06\/banner-thue.jpg\" alt=\"\" width=\"1200\" height=\"255\" srcset=\"https:\/\/phidenson.com\/wp-content\/uploads\/2021\/06\/banner-thue.jpg 1200w, https:\/\/phidenson.com\/wp-content\/uploads\/2021\/06\/banner-thue-300x64.jpg 300w, https:\/\/phidenson.com\/wp-content\/uploads\/2021\/06\/banner-thue-1024x218.jpg 1024w, https:\/\/phidenson.com\/wp-content\/uploads\/2021\/06\/banner-thue-768x163.jpg 768w, https:\/\/phidenson.com\/wp-content\/uploads\/2021\/06\/banner-thue-16x3.jpg 16w\" sizes=\"auto, (max-width: 1200px) 100vw, 1200px\" \/><\/p>\n\r\n\t\t<\/div>\r\n\t<\/div>\r\n<div class='dt-sc-hr-invisible-small'> <\/div><\/div><\/div><\/div><\/div><div class=\"vc_row wpb_row vc_row-fluid\"><div class=\"wpb_column vc_column_container vc_col-sm-12\"><div class=\"vc_column-inner\"><div class=\"wpb_wrapper\">\r\n\t<div class=\"wpb_text_column wpb_content_element  vc_custom_1623748578644 aligncenter\"  >\r\n\t\t<div class=\"wpb_wrapper\">\r\n\t\t\t<h2 style=\"text-align: center;\">D\u1ecaCH V\u1ee4 V\u1ec0 THU\u1ebe<\/h2>\n<p style=\"text-align: left;\">M\u1ed7i Doanh nghi\u1ec7p khi \u0111\u01b0\u1ee3c c\u01a1 quan nh\u00e0 n\u01b0\u1edbc c\u1ea5p gi\u1ea5y ch\u1ee9ng nh\u1eadn \u0111\u0103ng k\u00fd kinh doanh\/ Gi\u1ea5y ch\u1ee9ng nh\u1eadn \u0111\u1ea7u t\u01b0 \u0111\u1ec1u ph\u1ea3i ho\u1ea1t \u0111\u1ed9ng theo \u0111\u00fang quy \u0111\u1ecbnh c\u1ee7a ph\u00e1p lu\u1eadt.<br> B\u00ean c\u1ea1nh c\u00e1c quy\u1ec1n Doanh nghi\u1ec7p \u0111\u01b0\u1ee3c th\u1ee5 h\u01b0\u1edfng, Doanh nghi\u1ec7p c\u0169ng c\u1ea7n th\u1ef1c hi\u1ec7n \u0111\u00fang v\u00e0 \u0111\u1ea7y \u0111\u1ee7 c\u00e1c ngh\u0129a v\u1ee5 trong \u0111\u00f3 ngh\u0129a v\u1ee5 k\u00ea khai v\u00e0 n\u1ed9p thu\u1ebf \u0111\u00fang th\u1eddi h\u1ea1n.<\/p>\n<p style=\"text-align: left;\"><br><strong>Tr\u00ean ph\u01b0\u01a1ng di\u1ec7n l\u00e0 nh\u00e0 c\u1ed1 v\u1ea5n, ch\u00fang t\u00f4i s\u1ebd tr\u1ee3 gi\u00fap qu\u00fd v\u1ecb nh\u1eefng c\u00f4ng vi\u1ec7c sau<\/strong>:<br><\/p>\n\r\n\t\t<\/div>\r\n\t<\/div>\r\n<\/div><\/div><\/div><\/div><div  style='background-size:cover;' data-vc-full-width=\"true\" data-vc-full-width-init=\"false\" class=\"vc_row wpb_row vc_row-fluid vc_custom_1458211184581 vc_row-has-fill\"><div class=\"wpb_column vc_column_container vc_col-sm-12\"><div class=\"vc_column-inner\"><div class=\"wpb_wrapper\">\r\n\t<div class=\"wpb_text_column wpb_content_element  vc_custom_1623748259923\"  >\r\n\t\t<div class=\"wpb_wrapper\">\r\n\t\t\t<ul class=\"dt-sc-practices-list\">\n<li><a href=\"#\">T\u01b0 v\u1ea5n ch\u00ednh s\u00e1ch v\u1ec1 thu\u1ebf.<\/a><\/li>\n<li><a href=\"#\">T\u01b0 v\u1ea5n v\u1ec1 qu\u1ea3n l\u00fd s\u1ed5 s\u00e1ch ch\u1ee9ng t\u1eeb t\u00e0i ch\u00ednh.<\/a><\/li>\n<li><a href=\"#\">\u0110\u1ea1i di\u1ec7n cho Doanh nghi\u1ec7p \u0111\u1ec3 th\u1ef1c hi\u1ec7n c\u00e1c nghi\u1ec7p v\u1ee5 v\u1edbi c\u01a1 quan qu\u1ea3n l\u00fd thu\u1ebf<\/a><\/li>\n<\/ul>\n\r\n\t\t<\/div>\r\n\t<\/div>\r\n<div class='dt-sc-hr-invisible-small'> <\/div>\r\n\t<div class=\"wpb_text_column wpb_content_element  vc_custom_1623748439306 aligncenter\"  >\r\n\t\t<div class=\"wpb_wrapper\">\r\n\t\t\t<p style=\"text-align: left;\">T\u01b0\u01a1ng \u1ee9ng v\u1edbi nh\u1eefng l\u0129nh v\u1ef1c kinh doanh c\u1ee7a m\u00ecnh, Doanh nghi\u1ec7p ph\u1ea3i n\u1ed9p c\u00e1c lo\u1ea1i thu\u1ebf t\u01b0\u01a1ng \u1ee9ng khi c\u00f3 ph\u00e1t sinh c\u00e1c ho\u1ea1t \u0111\u1ed9ng kinh doanh.<br> T\u00f9y thu\u1ed9c v\u00e0o y\u00eau c\u1ea7u c\u1ee7a Kh\u00e1ch h\u00e0ng, V\u0103n Ph\u00f2ng Lu\u1eadt S\u01b0 PHIDENSON Vi\u1ec7t Nam s\u1ebd cung c\u1ea5p t\u1edbi Kh\u00e1ch h\u00e0ng d\u1ecbch v\u1ee5: t\u01b0 v\u1ea5n thu\u1ebf; \u0111\u1ea1i di\u1ec7n ho\u1eb7c h\u1ed7 tr\u1ee3 Kh\u00e1ch h\u00e0ng th\u1ef1c hi\u1ec7n c\u00e1c th\u1ee7 t\u1ee5c k\u00ea khai, n\u1ed9p thu\u1ebf;<br> \u0110\u1ea1i di\u1ec7n ho\u1eb7c h\u1ed7 tr\u1ee3 Kh\u00e1ch h\u00e0ng trong vi\u1ec7c gi\u1ea3i quy\u1ebft c\u00e1c tranh ch\u1ea5p, khi\u1ebfu n\u1ea1i c\u00f3 li\u00ean quan t\u1ea1i c\u01a1 quan thu\u1ebf<\/p>\n\r\n\t\t<\/div>\r\n\t<\/div>\r\n<\/div><\/div><\/div><\/div><div class=\"vc_row-full-width vc_clearfix\"><\/div>\n<\/div>","protected":false},"excerpt":{"rendered":"D\u1ecaCH V\u1ee4 V\u1ec0 THU\u1ebe M\u1ed7i Doanh nghi\u1ec7p khi \u0111\u01b0\u1ee3c c\u01a1 quan nh\u00e0 n\u01b0\u1edbc c\u1ea5p gi\u1ea5y ch\u1ee9ng nh\u1eadn \u0111\u0103ng k\u00fd kinh doanh\/ Gi\u1ea5y ch\u1ee9ng nh\u1eadn \u0111\u1ea7u t\u01b0 \u0111\u1ec1u ph\u1ea3i ho\u1ea1t \u0111\u1ed9ng theo \u0111\u00fang quy \u0111\u1ecbnh c\u1ee7a ph\u00e1p lu\u1eadt. B\u00ean c\u1ea1nh c\u00e1c quy\u1ec1n Doanh nghi\u1ec7p \u0111\u01b0\u1ee3c th\u1ee5 h\u01b0\u1edfng, Doanh nghi\u1ec7p c\u0169ng c\u1ea7n th\u1ef1c hi\u1ec7n \u0111\u00fang v\u00e0 \u0111\u1ea7y [...]","protected":false},"author":1,"featured_media":0,"parent":0,"menu_order":0,"comment_status":"closed","ping_status":"closed","template":"","meta":{"footnotes":""},"class_list":["post-5578","page","type-page","status-publish","hentry"],"_links":{"self":[{"href":"https:\/\/phidenson.com\/en\/wp-json\/wp\/v2\/pages\/5578","targetHints":{"allow":["GET"]}}],"collection":[{"href":"https:\/\/phidenson.com\/en\/wp-json\/wp\/v2\/pages"}],"about":[{"href":"https:\/\/phidenson.com\/en\/wp-json\/wp\/v2\/types\/page"}],"author":[{"embeddable":true,"href":"https:\/\/phidenson.com\/en\/wp-json\/wp\/v2\/users\/1"}],"replies":[{"embeddable":true,"href":"https:\/\/phidenson.com\/en\/wp-json\/wp\/v2\/comments?post=5578"}],"version-history":[{"count":33,"href":"https:\/\/phidenson.com\/en\/wp-json\/wp\/v2\/pages\/5578\/revisions"}],"predecessor-version":[{"id":5627,"href":"https:\/\/phidenson.com\/en\/wp-json\/wp\/v2\/pages\/5578\/revisions\/5627"}],"wp:attachment":[{"href":"https:\/\/phidenson.com\/en\/wp-json\/wp\/v2\/media?parent=5578"}],"curies":[{"name":"wp","href":"https:\/\/api.w.org\/{rel}","templated":true}]}}