{"id":5330,"date":"2021-06-14T13:41:46","date_gmt":"2021-06-14T06:41:46","guid":{"rendered":"https:\/\/phidenson.com\/?page_id=5330"},"modified":"2021-06-15T17:25:55","modified_gmt":"2021-06-15T10:25:55","slug":"tu-van-dan-phan-soan-thao-cac-loai-hop-dong","status":"publish","type":"page","link":"https:\/\/phidenson.com\/en\/dich-vu\/tu-van-dan-phan-soan-thao-cac-loai-hop-dong\/","title":{"rendered":"T\u01b0 v\u1ea5n, \u0110\u00e0m ph\u00e1n, so\u1ea1n th\u1ea3o c\u00e1c lo\u1ea1i h\u1ee3p \u0111\u1ed3ng"},"content":{"rendered":"<div class=\"wpb-content-wrapper\"><div class=\"vc_row wpb_row vc_row-fluid\"><div class=\"wpb_column vc_column_container vc_col-sm-12\"><div class=\"vc_column-inner\"><div class=\"wpb_wrapper\">\r\n\t<div class=\"wpb_text_column wpb_content_element\"  >\r\n\t\t<div class=\"wpb_wrapper\">\r\n\t\t\t<p><img loading=\"lazy\" decoding=\"async\" class=\"alignnone wp-image-5650 size-full\" src=\"https:\/\/phidenson.com\/wp-content\/uploads\/2021\/06\/tu-van.png\" alt=\"\" width=\"960\" height=\"361\" srcset=\"https:\/\/phidenson.com\/wp-content\/uploads\/2021\/06\/tu-van.png 960w, https:\/\/phidenson.com\/wp-content\/uploads\/2021\/06\/tu-van-300x113.png 300w, https:\/\/phidenson.com\/wp-content\/uploads\/2021\/06\/tu-van-768x289.png 768w, https:\/\/phidenson.com\/wp-content\/uploads\/2021\/06\/tu-van-16x6.png 16w\" sizes=\"auto, (max-width: 960px) 100vw, 960px\" \/><\/p>\n\r\n\t\t<\/div>\r\n\t<\/div>\r\n<\/div><\/div><\/div><\/div><div class=\"vc_row wpb_row vc_row-fluid\"><div class=\"wpb_column vc_column_container vc_col-sm-12\"><div class=\"vc_column-inner\"><div class=\"wpb_wrapper\"><div class='dt-sc-hr-invisible-small'> <\/div>\r\n\t<div class=\"wpb_text_column wpb_content_element  vc_custom_1623660865347\"  >\r\n\t\t<div class=\"wpb_wrapper\">\r\n\t\t\t<p><span style=\"font-weight: 400;\">H\u1ee3p \u0111\u1ed3ng \u0111\u01b0\u1ee3c xem nh\u01b0 m\u1ed9t c\u01a1 s\u1edf \u0111\u1ec3 x\u00e1c l\u1eadp quy\u1ec1n v\u00e0 ngh\u0129a v\u1ee5 c\u1ee7a Doanh nghi\u1ec7p. \u00dd th\u1ee9c \u0111\u01b0\u1ee3c vai tr\u00f2 quan tr\u1ecdng n\u00e0y, ch\u00fang t\u00f4i lu\u00f4n tr\u1ee3 gi\u00fap Doanh ngh\u1ecb\u00eap trong c\u00e1c c\u00f4ng vi\u1ec7c sau: <\/span><\/p>\n\r\n\t\t<\/div>\r\n\t<\/div>\r\n<div class=\"vc_row wpb_row vc_inner vc_row-fluid vc-no-margin vc_custom_1451886033246 vc_row-no-padding\"><div class=\"wpb_column vc_column_container vc_col-sm-12\"><div class=\"vc_column-inner vc_custom_1455342335096\"><div class=\"wpb_wrapper\"><div class=\"vc_empty_space\"   style=\"height: 32px\"><span class=\"vc_empty_space_inner\"><\/span><\/div>\r\n\t<div class=\"wpb_text_column wpb_content_element\"  >\r\n\t\t<div class=\"wpb_wrapper\">\r\n\t\t\t<ul>\n<li style=\"font-weight: 400;\" aria-level=\"1\"><span style=\"font-weight: 400;\">\u0110\u00e0m ph\u00e1n c\u00e1c lo\u1ea1i h\u1ee3p \u0111\u1ed3ng.\u00a0<\/span><\/li>\n<li style=\"font-weight: 400;\" aria-level=\"1\"><span style=\"font-weight: 400;\">So\u1ea1n th\u1ea3o c\u00e1c lo\u1ea1i h\u1ee3p \u0111\u1ed3ng.\u00a0<\/span><\/li>\n<li style=\"font-weight: 400;\" aria-level=\"1\"><span style=\"font-weight: 400;\">Theo d\u00f5i qu\u00e1 tr\u00ecnh th\u1ef1c hi\u1ec7n h\u1ee3p \u0111\u1ed3ng.\u00a0<\/span><\/li>\n<li style=\"font-weight: 400;\" aria-level=\"1\"><span style=\"font-weight: 400;\">X\u1eed l\u00fd c\u00e1c tr\u01b0\u1eddng h\u1ee3p vi ph\u1ea1m h\u1ee3p \u0111\u1ed3ng.<\/span><\/li>\n<\/ul>\n\r\n\t\t<\/div>\r\n\t<\/div>\r\n\r\n\t<div class=\"wpb_text_column wpb_content_element\"  >\r\n\t\t<div class=\"wpb_wrapper\">\r\n\t\t\t<p><span style=\"font-weight: 400;\">H\u01a1n m\u01b0\u1eddi n\u0103m qua, Ch\u00fang t\u00f4i \u0111\u00e3 \u0111\u1ea1i di\u1ec7n cho h\u00e0ng tr\u0103m Doanh nghi\u1ec7p trong v\u00e0 ngo\u00e0i n\u01b0\u1edbc li\u00ean quan \u0111\u1ebfn v\u1ea5n \u0111\u1ec1 \u0111\u00e0m ph\u00e1n, th\u1ef1c hi\u1ec7n H\u1ee3p \u0111\u1ed3ng. Trong c\u00e1c lo\u1ea1i H\u1ee3p \u0111\u1ed3ng ch\u00fang t\u00f4i t\u01b0 v\u1ea5n, \u0111i\u1ec3n h\u00ecnh l\u00e0 H\u1ee3p \u0111\u1ed3ng mua b\u00e1n c\u00f4ng ty, h\u1ee3p \u0111\u1ed3ng chuy\u1ec3n nh\u01b0\u1ee3ng d\u1ef1 \u00e1n, h\u1ee3p \u0111\u1ed3ng ngo\u1ea1i th\u01b0\u01a1ng, H\u1ee3p \u0111\u1ed3ng vay v\u1ed1n ng\u00e2n h\u00e0ng, H\u1ee3p \u0111\u1ed3ng H\u1ee3p t\u00e1c kinh doanh..vvv, m\u1ed7i lo\u1ea1i H\u1ee3p \u0111\u1ed3ng \u0111\u1ec1u c\u00f3 nh\u1eefng \u0111\u1eb7c th\u00f9 ri\u00eang, song ch\u1ea5t l\u01b0\u1ee3ng c\u1ee7a h\u1ee3p \u0111\u1ed3ng l\u00e0 \u0111i\u1ec1u ch\u00fang t\u00f4i quan t\u00e2m. Trong \u0111\u00f3, l\u1ee3i \u00edch c\u1ee7a Kh\u00e1ch h\u00e0ng v\u1eabn l\u00e0 s\u1ed1 1.<\/span><\/p>\n\r\n\t\t<\/div>\r\n\t<\/div>\r\n<\/div><\/div><\/div><\/div><div class='dt-sc-clear'> <\/div><\/div><\/div><\/div><\/div><div data-vc-full-width=\"true\" data-vc-full-width-init=\"false\" data-vc-stretch-content=\"true\" class=\"vc_row wpb_row vc_row-fluid dt-sc-dark-bg vc_custom_1458806670057 vc_row-has-fill vc_row-no-padding\"><div class=\"wpb_column vc_column_container vc_col-sm-12\"><div class=\"vc_column-inner\"><div class=\"wpb_wrapper\"><div class='dt-sc-newsletter-section type7'><i>Phildenson<\/i><h2>Li\u00ean h\u1ec7 v\u1edbi ch\u00fang t\u00f4i<\/h2><form name=\"frmNewsletter\" class=\"dt-sc-subscribe-frm\" action=\"#\" method=\"post\" data-trp-original-action=\"#\"><input type='email' name='mc_email' id='mc_email' required='required' placeholder='Email'><input type='submit' name='mc_submit' id='mc_submit' value='submit'><input type='hidden' name='mc_listid' id='mc_listid' value=''><input type='hidden' name='mc_apikey' id='mc_apikey' value=''><input type=\"hidden\" name=\"trp-form-language\" value=\"en\"\/><\/form><div class='newsletter-tooltip'>\u0110i\u1ec1n \u0111\u1ecba ch\u1ec9 email c\u1ee7a b\u1ea1n<\/div><div class=\"dt_ajax_subscribe_msg\"><\/div><\/div><\/div><\/div><\/div><\/div><div class=\"vc_row-full-width vc_clearfix\"><\/div>\n<\/div>","protected":false},"excerpt":{"rendered":"H\u1ee3p \u0111\u1ed3ng \u0111\u01b0\u1ee3c xem nh\u01b0 m\u1ed9t c\u01a1 s\u1edf \u0111\u1ec3 x\u00e1c l\u1eadp quy\u1ec1n v\u00e0 ngh\u0129a v\u1ee5 c\u1ee7a Doanh nghi\u1ec7p. \u00dd th\u1ee9c \u0111\u01b0\u1ee3c vai tr\u00f2 quan tr\u1ecdng n\u00e0y, ch\u00fang t\u00f4i lu\u00f4n tr\u1ee3 gi\u00fap Doanh ngh\u1ecb\u00eap trong c\u00e1c c\u00f4ng vi\u1ec7c sau: \u0110\u00e0m ph\u00e1n c\u00e1c lo\u1ea1i h\u1ee3p \u0111\u1ed3ng.\u00a0 So\u1ea1n th\u1ea3o c\u00e1c lo\u1ea1i h\u1ee3p \u0111\u1ed3ng.\u00a0 Theo d\u00f5i qu\u00e1 tr\u00ecnh th\u1ef1c [...]","protected":false},"author":1,"featured_media":0,"parent":4242,"menu_order":0,"comment_status":"closed","ping_status":"closed","template":"","meta":{"footnotes":""},"class_list":["post-5330","page","type-page","status-publish","hentry"],"_links":{"self":[{"href":"https:\/\/phidenson.com\/en\/wp-json\/wp\/v2\/pages\/5330","targetHints":{"allow":["GET"]}}],"collection":[{"href":"https:\/\/phidenson.com\/en\/wp-json\/wp\/v2\/pages"}],"about":[{"href":"https:\/\/phidenson.com\/en\/wp-json\/wp\/v2\/types\/page"}],"author":[{"embeddable":true,"href":"https:\/\/phidenson.com\/en\/wp-json\/wp\/v2\/users\/1"}],"replies":[{"embeddable":true,"href":"https:\/\/phidenson.com\/en\/wp-json\/wp\/v2\/comments?post=5330"}],"version-history":[{"count":10,"href":"https:\/\/phidenson.com\/en\/wp-json\/wp\/v2\/pages\/5330\/revisions"}],"predecessor-version":[{"id":5654,"href":"https:\/\/phidenson.com\/en\/wp-json\/wp\/v2\/pages\/5330\/revisions\/5654"}],"up":[{"embeddable":true,"href":"https:\/\/phidenson.com\/en\/wp-json\/wp\/v2\/pages\/4242"}],"wp:attachment":[{"href":"https:\/\/phidenson.com\/en\/wp-json\/wp\/v2\/media?parent=5330"}],"curies":[{"name":"wp","href":"https:\/\/api.w.org\/{rel}","templated":true}]}}