{"id":5150,"date":"2015-07-05T10:21:00","date_gmt":"2015-07-05T10:21:00","guid":{"rendered":"http:\/\/dummy.wedesignthemes.com\/veda\/attorney\/?page_id=2"},"modified":"2021-06-15T12:53:14","modified_gmt":"2021-06-15T05:53:14","slug":"sample-page","status":"publish","type":"page","link":"https:\/\/phidenson.com\/en\/","title":{"rendered":"Home"},"content":{"rendered":"<div class=\"wpb-content-wrapper\"><div data-vc-full-width=\"true\" data-vc-full-width-init=\"false\" class=\"vc_row wpb_row vc_row-fluid dt-sc-highlight dt-sc-dark-bg vc_custom_1455282101625\"><div class=\"wpb_column vc_column_container vc_col-sm-12\"><div class=\"vc_column-inner\"><div class=\"wpb_wrapper\"><div class=\"vc_row wpb_row vc_inner vc_row-fluid aligncenter\"><div class=\"wpb_column vc_column_container vc_col-sm-12\"><div class=\"vc_column-inner\"><div class=\"wpb_wrapper\">\r\n\t<div class=\"wpb_text_column wpb_content_element\"  >\r\n\t\t<div class=\"wpb_wrapper\">\r\n\t\t\t<h2>CH\u00c0O M\u1eeaNG B\u1ea0N<\/h2>\n<p style=\"text-align: center;\">V\u0103n ph\u00f2ng lu\u1eadt s\u01b0 PHIDENSON VI\u1ec6T NAM ti\u1ec1n th\u00e2n l\u00e0 H\u00e3ng lu\u1eadt PHIDENSON<br \/>\nV\u0103n Ph\u00f2ng Lu\u1eadt S\u01b0 \u0111\u01b0\u1ee3c s\u1ef1 t\u00edn nhi\u1ec7m cao c\u1ee7a Kh\u00e1ch h\u00e0ng.<\/p>\n\r\n\t\t<\/div>\r\n\t<\/div>\r\n<a href='https:\/\/phidenson.com\/en\/members\/' target='_self' title='' class='dt-sc-button   medium   filled  white' > Xem th\u00eam <\/a><\/div><\/div><\/div><\/div><div class=\"vc_empty_space\"   style=\"height: 80px\"><span class=\"vc_empty_space_inner\"><\/span><\/div><\/div><\/div><\/div><\/div><div class=\"vc_row-full-width vc_clearfix\"><\/div><div class=\"vc_row wpb_row vc_row-fluid rs_custom_nomargin vc_custom_1457949259859\"><div class=\"wpb_column vc_column_container vc_col-sm-12\"><div class=\"vc_column-inner\"><div class=\"wpb_wrapper\"><div class=\"vc_row wpb_row vc_inner vc_row-fluid vc_custom_1456387325514\"><div class=\"wpb_column vc_column_container vc_col-sm-3\"><div class=\"vc_column-inner vc_custom_1456387244373\"><div class=\"wpb_wrapper\"><div class='dt-sc-image-caption type2'><div class='dt-sc-image-content'><div class='dt-sc-image-title'><h3>DOANH NGHI\u1ec6P<\/h3><\/div>C\u00e1c Lu\u1eadt s\u01b0 c\u1ee7a ch\u00fang t\u00f4i s\u1ebd th\u1eadn tr\u1ecdng xem x\u00e9t \u0111\u00e1nh gi\u00e1 t\u1eebng s\u1ef1 ki\u1ec7n ph\u00e1p l\u00fd. T\u1eeb do, \u0111\u01b0a ra nh\u1eefng l\u1eddi khuy\u00ean ph\u00e1p l\u00fd hi\u1ec7u qu\u1ea3 cho Kh\u00e1ch h\u00e0ng. <a href=\"https:\/\/phidenson.com\/en\/\">Chi ti\u1ebft<\/a><\/div><div class='dt-sc-image-wrapper'><img loading=\"lazy\" decoding=\"async\" width=\"540\" height=\"306\" src=\"https:\/\/phidenson.com\/wp-content\/uploads\/2021\/06\/tu-van-doanh-nghiep.jpg\" class=\"attachment-full\" alt=\"\" title=\"tu van doanh nghiep\" srcset=\"https:\/\/phidenson.com\/wp-content\/uploads\/2021\/06\/tu-van-doanh-nghiep.jpg 540w, https:\/\/phidenson.com\/wp-content\/uploads\/2021\/06\/tu-van-doanh-nghiep-300x170.jpg 300w, https:\/\/phidenson.com\/wp-content\/uploads\/2021\/06\/tu-van-doanh-nghiep-16x9.jpg 16w\" sizes=\"auto, (max-width: 540px) 100vw, 540px\" \/><\/div><\/div><\/div><\/div><\/div><div class=\"wpb_column vc_column_container vc_col-sm-3\"><div class=\"vc_column-inner vc_custom_1456387233749\"><div class=\"wpb_wrapper\"><div class='dt-sc-image-caption type2'><div class='dt-sc-image-content'><div class='dt-sc-image-title'><h3>T\u01af V\u1ea4N H\u1ee2P \u0110\u1ed2NG<\/h3><\/div>H\u01a1n m\u01b0\u1eddi n\u0103m qua, Ch\u00fang t\u00f4i \u0111\u00e3 \u0111\u1ea1i di\u1ec7n cho h\u00e0ng tr\u0103m Doanh nghi\u1ec7p trong v\u00e0 ngo\u00e0i n\u01b0\u1edbc li\u00ean quan \u0111\u1ebfn v\u1ea5n \u0111\u1ec1 \u0111\u00e0m ph\u00e1n, th\u1ef1c hi\u1ec7n <a href=\"https:\/\/phidenson.com\/en\/\">H\u1ee3p \u0111\u1ed3ng.<\/a><\/div><div class='dt-sc-image-wrapper'><img loading=\"lazy\" decoding=\"async\" width=\"420\" height=\"216\" src=\"https:\/\/phidenson.com\/wp-content\/uploads\/2021\/05\/doanh-nghiep.jpg\" class=\"attachment-full\" alt=\"\" title=\"doanh nghiep\" srcset=\"https:\/\/phidenson.com\/wp-content\/uploads\/2021\/05\/doanh-nghiep.jpg 420w, https:\/\/phidenson.com\/wp-content\/uploads\/2021\/05\/doanh-nghiep-300x154.jpg 300w, https:\/\/phidenson.com\/wp-content\/uploads\/2021\/05\/doanh-nghiep-16x8.jpg 16w\" sizes=\"auto, (max-width: 420px) 100vw, 420px\" \/><\/div><\/div><\/div><\/div><\/div><div class=\"wpb_column vc_column_container vc_col-sm-3\"><div class=\"vc_column-inner vc_custom_1456387260847\"><div class=\"wpb_wrapper\"><div class='dt-sc-image-caption type2'><div class='dt-sc-image-content'><div class='dt-sc-image-title'><h3>LU\u1eacT S\u01af \u0110\u1ea0I DI\u1ec6N<\/h3><\/div>V\u0103n ph\u00f2ng \u0111\u00e3 tham gia tranh t\u1ee5ng \u0111\u1ec3 b\u1ea3o v\u1ec7 quy\u1ec1n v\u00e0 l\u1ee3i \u00edch H\u1ee3p ph\u00e1p cho Kh\u00e1ch h\u00e0ng tr\u00ean nhi\u1ec1u l\u0129nh v\u1ef1c kh\u00e1c nhau v\u00e0 \u0111\u00e3 mang l\u1ea1i nhi\u1ec1u k\u1ebft qu\u1ea3 t\u1ed1t \u0111\u1eb9p.<\/div><div class='dt-sc-image-wrapper'><img loading=\"lazy\" decoding=\"async\" width=\"420\" height=\"216\" src=\"https:\/\/phidenson.com\/wp-content\/uploads\/2021\/05\/tranh-tung.jpg\" class=\"attachment-full\" alt=\"\" title=\"tranh tung\" srcset=\"https:\/\/phidenson.com\/wp-content\/uploads\/2021\/05\/tranh-tung.jpg 420w, https:\/\/phidenson.com\/wp-content\/uploads\/2021\/05\/tranh-tung-300x154.jpg 300w, https:\/\/phidenson.com\/wp-content\/uploads\/2021\/05\/tranh-tung-16x8.jpg 16w\" sizes=\"auto, (max-width: 420px) 100vw, 420px\" \/><\/div><\/div><\/div><\/div><\/div><div class=\"wpb_column vc_column_container vc_col-sm-3\"><div class=\"vc_column-inner vc_custom_1456387271078\"><div class=\"wpb_wrapper\"><div class='dt-sc-image-caption type2'><div class='dt-sc-image-content'><div class='dt-sc-image-title'><h3>T\u01af V\u1ea4N \u0110T N\u01af\u1edaC NGO\u00c0I<\/h3><\/div>cung c\u1ea5p m\u1ed9t c\u00e1ch to\u00e0n di\u1ec7n t\u1ea5t c\u1ea3 c\u00e1c nhu c\u1ea7u ph\u00e1p l\u00fd c\u00f3 li\u00ean quan \u0111\u1ebfn m\u1ed9t t\u1ed5 ch\u1ee9c, c\u00e1 nh\u00e2n ng\u01b0\u1eddi n\u01b0\u1edbc ngo\u00e0i \u0111\u1ea7u t\u01b0, kinh doanh v\u00e0 sinh s\u1ed1ng t\u1ea1i Vi\u1ec7t Nam.<\/div><div class='dt-sc-image-wrapper'><img loading=\"lazy\" decoding=\"async\" width=\"420\" height=\"216\" src=\"https:\/\/phidenson.com\/wp-content\/uploads\/2021\/05\/tu-van.jpg\" class=\"attachment-full\" alt=\"\" title=\"tu van\" srcset=\"https:\/\/phidenson.com\/wp-content\/uploads\/2021\/05\/tu-van.jpg 420w, https:\/\/phidenson.com\/wp-content\/uploads\/2021\/05\/tu-van-300x154.jpg 300w, https:\/\/phidenson.com\/wp-content\/uploads\/2021\/05\/tu-van-16x8.jpg 16w\" sizes=\"auto, (max-width: 420px) 100vw, 420px\" \/><\/div><\/div><\/div><\/div><\/div><\/div><div class=\"vc_empty_space\"   style=\"height: 60px\"><span class=\"vc_empty_space_inner\"><\/span><\/div><\/div><\/div><\/div><\/div><div class=\"vc_row wpb_row vc_row-fluid rs_custom_nomargin vc_custom_1457949259859\"><div class=\"wpb_column vc_column_container vc_col-sm-12\"><div class=\"vc_column-inner\"><div class=\"wpb_wrapper\"><div class='dt-sc-tabs-vertical-frame-container rs_col_tab-full'><ul class='dt-sc-tabs-vertical-frame'><li><a href=\"javascript:void(0);\"><span class='pe-icon pe-hammer'><\/span>THU\u1ebe<\/a><\/li><li><a href=\"javascript:void(0);\"><span class='pe-icon pe-magic-wand'><\/span>S\u1ede H\u1eeeU TR\u00cd TU\u1ec6<\/a><\/li><li><a href=\"javascript:void(0);\"><span class='pe-icon pe-study'><\/span>D\u1ecaCH V\u1ee4 T\u01af V\u1ea4N PH\u00c1P L\u00dd TH\u01af\u1edcNG XUY\u00caN<\/a><\/li><\/ul><div class='dt-sc-tabs-vertical-frame-content'><div class=\"vc_row wpb_row vc_inner vc_row-fluid vc_custom_1449490819168\"><div class=\"rs_col-sm-12 wpb_column vc_column_container vc_col-sm-12 vc_col-lg-12 vc_col-md-12\"><div class=\"vc_column-inner\"><div class=\"wpb_wrapper\"><div class='dt-sc-hr-top-50'> <\/div>\r\n\t<div class=\"wpb_text_column wpb_content_element  wpb_animate_when_almost_visible wpb_pulse pulse\"  >\r\n\t\t<div class=\"wpb_wrapper\">\r\n\t\t\t<h2>T\u01b0 v\u1ea5n thu\u1ebf doanh nghi\u1ec7p<\/h2>\n<p>M\u1ed7i Doanh nghi\u1ec7p khi \u0111\u01b0\u1ee3c c\u01a1 quan nh\u00e0 n\u01b0\u1edbc c\u1ea5p gi\u1ea5y ch\u1ee9ng nh\u1eadn \u0111\u0103ng k\u00fd kinh doanh\/ Gi\u1ea5y ch\u1ee9ng nh\u1eadn \u0111\u1ea7u t\u01b0 \u0111\u1ec1u ph\u1ea3i ho\u1ea1t \u0111\u1ed9ng theo \u0111\u00fang quy \u0111\u1ecbnh c\u1ee7a ph\u00e1p lu\u1eadt.<\/p>\n<p>B\u00ean c\u1ea1nh c\u00e1c quy\u1ec1n Doanh nghi\u1ec7p \u0111\u01b0\u1ee3c th\u1ee5 h\u01b0\u1edfng, Doanh nghi\u1ec7p c\u0169ng c\u1ea7n th\u1ef1c hi\u1ec7n \u0111\u00fang v\u00e0 \u0111\u1ea7y \u0111\u1ee7 c\u00e1c ngh\u0129a v\u1ee5 trong \u0111\u00f3 ngh\u0129a v\u1ee5 k\u00ea khai v\u00e0 n\u1ed9p thu\u1ebf \u0111\u00fang th\u1eddi h\u1ea1n.<\/p>\n<p>Tr\u00ean ph\u01b0\u01a1ng di\u1ec7n l\u00e0 nh\u00e0 c\u1ed1 v\u1ea5n, ch\u00fang t\u00f4i s\u1ebd tr\u1ee3 gi\u00fap qu\u00fd v\u1ecb nh\u1eefng c\u00f4ng vi\u1ec7c sau:<\/p>\n<p><strong><em>T\u01b0 v\u1ea5n ch\u00ednh s\u00e1ch v\u1ec1 thu\u1ebf.<\/em><\/strong><\/p>\n<p><strong><em>T\u01b0 v\u1ea5n v\u1ec1 qu\u1ea3n l\u00fd s\u1ed5 s\u00e1ch ch\u1ee9ng t\u1eeb t\u00e0i ch\u00ednh.<\/em><\/strong><\/p>\n<p><strong><em>\u0110\u1ea1i di\u1ec7n cho Doanh nghi\u1ec7p \u0111\u1ec3 th\u1ef1c hi\u1ec7n c\u00e1c nghi\u1ec7p v\u1ee5 v\u1edbi c\u01a1 quan qu\u1ea3n l\u00fd thu\u1ebf.<\/em><\/strong><\/p>\n<p>Theo t\u01b0\u01a1ng \u1ee9ng v\u1edbi nh\u1eefng l\u0129nh v\u1ef1c kinh doanh c\u1ee7a m\u00ecnh, Doanh nghi\u1ec7p ph\u1ea3i n\u1ed9p c\u00e1c lo\u1ea1i thu\u1ebf t\u01b0\u01a1ng \u1ee9ng khi c\u00f3 ph\u00e1t sinh c\u00e1c ho\u1ea1t \u0111\u1ed9ng kinh doanh. T\u00f9y thu\u1ed9c v\u00e0o y\u00eau c\u1ea7u c\u1ee7a Kh\u00e1ch h\u00e0ng, V\u0103n Ph\u00f2ng Lu\u1eadt S\u01b0 PHIDENSON Vi\u1ec7t Nam s\u1ebd cung c\u1ea5p t\u1edbi Kh\u00e1ch h\u00e0ng d\u1ecbch v\u1ee5: t\u01b0 v\u1ea5n thu\u1ebf; \u0111\u1ea1i di\u1ec7n ho\u1eb7c h\u1ed7 tr\u1ee3 Kh\u00e1ch h\u00e0ng th\u1ef1c hi\u1ec7n c\u00e1c th\u1ee7 t\u1ee5c k\u00ea khai, n\u1ed9p thu\u1ebf; \u0111\u1ea1i di\u1ec7n ho\u1eb7c h\u1ed7 tr\u1ee3 Kh\u00e1ch h\u00e0ng trong vi\u1ec7c gi\u1ea3i quy\u1ebft c\u00e1c tranh ch\u1ea5p, khi\u1ebfu n\u1ea1i c\u00f3 li\u00ean quan t\u1ea1i c\u01a1 quan thu\u1ebf.<\/p>\n\r\n\t\t<\/div>\r\n\t<\/div>\r\n<\/div><\/div><\/div><\/div><\/div><div class='dt-sc-tabs-vertical-frame-content'><div class=\"vc_row wpb_row vc_inner vc_row-fluid\"><div class=\"rs_col-sm-12 wpb_column vc_column_container vc_col-sm-12 vc_col-lg-12 vc_col-md-12\"><div class=\"vc_column-inner\"><div class=\"wpb_wrapper\"><div class='dt-sc-hr-top-10'> <\/div>\r\n\t<div class=\"wpb_text_column wpb_content_element  wpb_animate_when_almost_visible wpb_bounce bounce\"  >\r\n\t\t<div class=\"wpb_wrapper\">\r\n\t\t\t<h2>S\u1edf h\u1eefu tr\u00ed tu\u1ec7<\/h2>\n<p>Trong su\u1ed1t qu\u00e1 tr\u00ecnh kinh doanh c\u1ee7a Doanh nghi\u1ec7p, qu\u1ea3n l\u00fd hi\u1ec7u qu\u1ea3 t\u00e0i s\u1ea3n h\u1eefu h\u00ecnh \u0111\u00e3 l\u00e0 m\u1ed9t b\u00e0i to\u00e1n l\u1edbn. V\u1edbi ri\u00eang c\u00e1c t\u00e0i s\u1ea3n tr\u00ed tu\u1ec7, \u0111\u00e2y \u0111\u01b0\u1ee3c coi l\u00e0 t\u00e0i s\u1ea3n v\u00f4 h\u00ecnh v\u00e0 vi\u1ec7c qu\u1ea3n l\u00fd lo\u1ea1i t\u00e0i s\u1ea3n n\u00e0y \u0111\u01b0\u1ee3c coi l\u00e0 m\u1ed9t th\u00e1ch th\u1ee9c \u0111\u1ed1i v\u1edbi ch\u1ee7 s\u1edf h\u1eefu. T\u00e0i s\u1ea3n tr\u00ed tu\u1ec7 c\u00f3 \u00fd ngh\u0129a quan tr\u1ecdng kh\u00f4ng ch\u1ec9 v\u1ec1 m\u1eb7t v\u1eadt ch\u1ea5t \u0111\u1ed1i v\u1edbi ch\u1ee7 s\u1edf h\u1eefu m\u00e0 c\u00f2n l\u00e0 s\u1ee9c m\u1ea1nh tinh th\u1ea7n, h\u00e0m ch\u1ee9a trong n\u00f3 nh\u1eefng gi\u00e1 tr\u1ecb l\u1edbn lao mang t\u00ednh c\u00e1 th\u1ec3 c\u1ee7a ri\u00eang ng\u01b0\u1eddi t\u1ea1o l\u1eadp n\u00ean n\u00f3.\u00a0 Ch\u00fang ta \u0111\u1ec1u \u00fd th\u1ee9c \u0111\u01b0\u1ee3c s\u1ef1 quan tr\u1ecdng c\u1ee7a nh\u1eefng t\u00e0i s\u1ea3n tr\u00ed tu\u1ec7. Tuy nhi\u00ean, \u0111\u1ec3 c\u00f3 m\u1ed9t c\u00e1ch nh\u00ecn t\u1ed5ng quan, s\u00e2u r\u1ed9ng v\u00e0 to\u00e0n di\u1ec7n, V\u0103n Ph\u00f2ng Lu\u1eadt S\u01b0 PHIDENSON Vi\u1ec7t Nam s\u1ebd c\u00f9ng Kh\u00e1ch h\u00e0ng thi\u1ebft l\u1eadp, b\u1ea3o v\u1ec7 v\u00e0 qu\u1ea3n l\u00fd t\u00e0i s\u1ea3n n\u00e0y m\u1ed9t c\u00e1ch hi\u1ec7u qu\u1ea3 nh\u1ea5t b\u1eb1ng d\u1ecbch v\u1ee5 nh\u01b0 sau:<\/p>\n<div class='dt-sc-hr-top-10'> <\/div><ul class='dt-sc-fancy-list   circletick'>\n<li>T\u01b0 v\u1ea5n \u0111\u0103ng k\u00fd Nh\u00e3n hi\u1ec7u h\u00e0ng ho\u00e1;<\/li>\n<li>T\u01b0 v\u1ea5n \u0111\u0103ng k\u00fd Ki\u1ec3u d\u00e1ng c\u00f4ng nghi\u1ec7p;<\/li>\n<li>T\u01b0 v\u1ea5n \u0111\u0103ng k\u00fd Gi\u1ea3i ph\u00e1p h\u1eefu \u00edch;<\/li>\n<li>T\u01b0 v\u1ea5n \u0111\u0103ng k\u00fd Ch\u1ec9 d\u1eabn \u0111\u1ecba l\u00fd;<\/li>\n<li>T\u01b0 v\u1ea5n \u0111\u0103ng k\u00fd S\u00e1ng ch\u1ebf.<\/li>\n<\/ul><\/p>\n<p>\u0110\u0103ng k\u00fd quy\u1ec1n t\u00e1c gi\u1ea3 c\u1ee7a t\u1ed5 ch\u1ee9c, c\u00e1 nh\u00e2n \u0111\u1ed1i v\u1edbi t\u00e1c ph\u1ea9m do m\u00ecnh s\u00e1ng t\u1ea1o ra ho\u1eb7c s\u1edf h\u1eefu. Tr\u1ee3 gi\u00fap Doanh nghi\u1ec7p trong v\u1ea5n \u0111\u1ec1 x\u1eed l\u00fd c\u00e1c tranh ch\u1ea5p hay x\u00e2m ph\u1ea1m quy\u1ec1n s\u1edf h\u1eefu tr\u00ed tu\u1ec7 c\u1ee7a c\u00e1c c\u00e1 nh\u00e2n t\u1ed5 ch\u1ee9c kh\u00e1c \u0111\u1ed1i v\u1edbi doanh nghi\u1ec7p c\u1ee7a b\u1ea1n<\/p>\n\r\n\t\t<\/div>\r\n\t<\/div>\r\n<\/div><\/div><\/div><\/div><\/div><div class='dt-sc-tabs-vertical-frame-content'><div class=\"vc_row wpb_row vc_inner vc_row-fluid\"><div class=\"rs_col-sm-12 wpb_column vc_column_container vc_col-sm-12 vc_col-lg-12 vc_col-md-12\"><div class=\"vc_column-inner\"><div class=\"wpb_wrapper\"><div class='dt-sc-hr-top-10'> <\/div>\r\n\t<div class=\"wpb_text_column wpb_content_element\"  >\r\n\t\t<div class=\"wpb_wrapper\">\r\n\t\t\t<h2>D\u1ecbch v\u1ee5 ph\u00e1p l\u00fd<\/h2>\n<p>Trong qu\u00e1 tr\u00ecnh ho\u1ea1t \u0111\u1ed9ng, m\u1ed7i Doanh nghi\u1ec7p \u0111\u1ec1u \u00fd th\u1ee9c vai tr\u00f2 quan tr\u1ecdng c\u1ee7a ho\u1ea1t \u0111\u1ed9ng t\u01b0 v\u1ea5n ph\u00e1p l\u00fd, v\u1eady n\u00ean, nhi\u1ec1u Doanh nghi\u1ec7p \u0111\u00e3 l\u1ef1a ch\u1ecdn c\u00f4ng ty lu\u1eadt tin t\u01b0\u1edfng \u0111\u1ec3 k\u00fd c\u00e1c h\u1ee3p \u0111\u1ed3ng t\u01b0 v\u1ea5n ph\u00e1p l\u00fd th\u01b0\u1eddng xuy\u00ean.<br \/>\nS\u1eed d\u1ee5ng d\u1ecbch v\u1ee5 t\u01b0 v\u1ea5n th\u01b0\u1eddng xuy\u00ean s\u1ebd gi\u00fap cho Doanh nghi\u1ec7p tr\u00e1nh nh\u1eefng r\u1eafc r\u1ed1i li\u00ean quan \u0111\u1ebfn ph\u00e1p l\u00fd trong qu\u00e1 tr\u00ecnh ho\u1ea1t \u0111\u1ed9ng.<br \/>\nV\u1edbi nh\u1eefng Lu\u1eadt s\u01b0, chuy\u00ean gia t\u01b0 v\u1ea5n, ch\u00fang t\u00f4i s\u1eb5n s\u00e0ng \u0111\u1ea3m nh\u1eadn nh\u1eefng c\u00f4ng vi\u1ec7c t\u01b0 v\u1ea5n th\u01b0\u1eddng xuy\u00ean li\u00ean quan \u0111\u1ebfn t\u1ea5t c\u1ea3 l\u0129nh v\u1ef1c m\u00e0 Doanh nghi\u1ec7p quan t\u00e2m. Cung c\u1ea5p \u201cB\u1ea3n tin Ph\u00e1p l\u00fd h\u00e0ng th\u00e1ng\u201d v\u1edbi c\u00e1c th\u00f4ng tin m\u1edbi nh\u1ea5t v\u1ec1 c\u00e1c v\u1ea5n \u0111\u1ec1 ph\u00e1p l\u00fd \u1edf Vi\u1ec7t nam c\u00f3 li\u00ean quan tr\u1ef1c ti\u1ebfp \u0111\u1ebfn ho\u1ea1t \u0111\u1ed9ng kinh doanh c\u1ee7a Doanh nghi\u1ec7p. Song song v\u1edbi vi\u1ec7c t\u01b0 v\u1ea5n\/ gi\u1ea3i \u0111\u00e1p t\u1ea5t c\u1ea3 c\u00e1c c\u00e2u h\u1ecfi ph\u00e1p l\u00fd li\u00ean quan \u0111\u1ebfn ho\u1ea1t \u0111\u1ed9ng kinh doanh c\u1ee7a Doanh nghi\u1ec7p, h\u00e0ng tu\u1ea7n Ch\u00fang t\u00f4i s\u1ebd cung c\u1ea5p t\u1edbi Qu\u00fd v\u1ecb &#8220;B\u1ea3n tin Ph\u00e1p l\u00fd&#8221; t\u1eadp trung ch\u1ee7 y\u1ebfu v\u00e0o vi\u1ec7c c\u1eadp nh\u1eadt c\u00e1c thay \u0111\u1ed5i c\u1ee7a h\u1ec7 th\u1ed1ng ph\u00e1p lu\u1eadt \u1edf Vi\u1ec7t nam trong c\u00e1c l\u0129nh v\u1ef1c Ng\u00e2n h\u00e0ng, Ch\u1ee9ng kho\u00e1n, \u0110\u1ea7u t\u01b0 n\u01b0\u1edbc ngo\u00e0i, Thu\u1ebf, T\u00e0i ch\u00ednh, Lao \u0111\u1ed9ng v\u00e0 c\u00e1c v\u1ea5n \u0111\u1ec1 \u0111\u01b0\u1ee3c Kh\u00e1ch h\u00e0ng quan t\u00e2m \u0111\u1ec1 xu\u1ea5t quan t\u00e2m b\u1eb1ng v\u0103n b\u1ea3n.<br \/>\nHi\u1ec7n t\u1ea1i, ch\u00fang t\u00f4i \u0111ang cung c\u1ea5p d\u1ecbch v\u1ee5 t\u01b0 v\u1ea5n th\u01b0\u1eddng xuy\u00ean cho nhi\u1ec1u Doanh nghi\u1ec7p ho\u1ea1t \u0111\u1ed9ng tr\u00ean nhi\u1ec1u l\u0129nh v\u1ef1c kh\u00e1c nhau. Ch\u00ednh ho\u1ea1t \u0111\u1ed9ng t\u01b0 v\u1ea5n th\u01b0\u1eddng xuy\u00ean n\u00e0y \u0111\u00e3 gi\u00fap cho c\u00e1c Doanh nghi\u1ec7p ti\u1ebfp c\u1eadn v\u00e0 hi\u1ec3u bi\u1ebft nhi\u1ec1u h\u01a1n c\u00e1c quy \u0111\u1ecbnh c\u1ee7a ph\u00e1p lu\u1eadt hi\u1ec7n h\u00e0nh.<\/p>\n\r\n\t\t<\/div>\r\n\t<\/div>\r\n<\/div><\/div><\/div><\/div><\/div><\/div><\/div><\/div><\/div><\/div><div data-vc-full-width=\"true\" data-vc-full-width-init=\"false\" class=\"vc_row wpb_row vc_row-fluid dt-sc-highlight dt-sc-overflow_visible\"><div class=\"wpb_column vc_column_container vc_col-sm-3\"><div class=\"vc_column-inner vc_custom_1459921569722\"><div class=\"wpb_wrapper\"><div class='dt-sc-counter type3'><div class='dt-sc-couter-icon-holder'><div class='icon-wrapper'><span class='pe-icon pe-news-paper'> <\/span><\/div><div class='dt-sc-counter-number' data-value='968' >968<\/div><\/div><h4>KH\u00c1CH H\u00c0NG<\/h4><\/div><\/div><\/div><\/div><div class=\"wpb_column vc_column_container vc_col-sm-3\"><div class=\"vc_column-inner vc_custom_1459921578014\"><div class=\"wpb_wrapper\"><div class='dt-sc-counter type3'><div class='dt-sc-couter-icon-holder'><div class='icon-wrapper'><span class='pe-icon pe-study'> <\/span><\/div><div class='dt-sc-counter-number' data-value='15' data-append='+'>15<\/div><\/div><h4>D\u1ecaCH V\u1ee4 V\u1ec0 LU\u1eacT<\/h4><\/div><\/div><\/div><\/div><div class=\"wpb_column vc_column_container vc_col-sm-3\"><div class=\"vc_column-inner vc_custom_1459921585022\"><div class=\"wpb_wrapper\"><div class='dt-sc-counter type3'><div class='dt-sc-couter-icon-holder'><div class='icon-wrapper'><span class='pe-icon pe-users'> <\/span><\/div><div class='dt-sc-counter-number' data-value='22' data-append='+'>22<\/div><\/div><h4>LU\u1eacT S\u01af V\u00c0 C\u1ed8NG T\u00c1C VI\u00caN<\/h4><\/div><\/div><\/div><\/div><div class=\"last wpb_column vc_column_container vc_col-sm-3\"><div class=\"vc_column-inner vc_custom_1459921591323\"><div class=\"wpb_wrapper\"><div class='dt-sc-counter type3'><div class='dt-sc-couter-icon-holder'><div class='icon-wrapper'><span class='pe-icon pe-target'> <\/span><\/div><div class='dt-sc-counter-number' data-value='90%' >90%<\/div><\/div><h4>TH\u00c0NH C\u00d4NG<\/h4><\/div><\/div><\/div><\/div><\/div><div class=\"vc_row-full-width vc_clearfix\"><\/div><div class=\"vc_row wpb_row vc_row-fluid\"><div class=\"wpb_column vc_column_container vc_col-sm-12\"><div class=\"vc_column-inner\"><div class=\"wpb_wrapper\"><\/div><\/div><\/div><\/div><div class=\"vc_row wpb_row vc_row-fluid\"><div class=\"wpb_column vc_column_container vc_col-sm-12\"><div class=\"vc_column-inner\"><div class=\"wpb_wrapper\"><div class=\"vc_empty_space\"   style=\"height: 80px\"><span class=\"vc_empty_space_inner\"><\/span><\/div><\/div><\/div><\/div><\/div><div class=\"vc_row wpb_row vc_row-fluid aligncenter\"><div class=\"wpb_column vc_column_container vc_col-sm-12\"><div class=\"vc_column-inner\"><div class=\"wpb_wrapper\">\r\n\t<div class=\"wpb_text_column wpb_content_element  vc_custom_1623670823827\"  >\r\n\t\t<div class=\"wpb_wrapper\">\r\n\t\t\t<h2><strong>TUY\u00caN B\u1ed0 PH\u00c1P L\u00dd<\/strong><\/h2>\n\r\n\t\t<\/div>\r\n\t<\/div>\r\n<div class=\"vc_empty_space\"   style=\"height: 40px\"><span class=\"vc_empty_space_inner\"><\/span><\/div><\/div><\/div><\/div><\/div><div data-vc-full-width=\"true\" data-vc-full-width-init=\"false\" class=\"vc_row wpb_row vc_row-fluid vcr_float_right rs_custom_nopadding vc_custom_1457943526163 vc_row-has-fill\"><div class=\"extend-bg-fullwidth-left wpb_column vc_column_container vc_col-sm-12 vc_col-has-fill\"><div class=\"vc_column-inner vc_custom_1449493628661\"><div class=\"wpb_wrapper\"><div class=\"dt-sc-testimonial-wrapper\"><div class='dt-sc-testimonial type5 alignright'><div class=\"dt-sc-testimonial-quote\"><blockquote><q><p style=\"text-align: left;\">Tr\u01b0\u1edbc ti\u00ean, Ch\u00fang t\u00f4i xin c\u1ea3m \u01a1n Qu\u00fd Kh\u00e1ch \u0111\u00e3 gh\u00e9 th\u0103m website c\u1ee7a Ch\u00fang t\u00f4i. Nh\u1eefng th\u00f4ng tin \u0111\u01b0\u1ee3c n\u00eau t\u1ea1i Website n\u00e0y ch\u1ec9 l\u00e0 l\u1eddi gi\u1edbi thi\u1ec7u c\u00e1c d\u1ecbch v\u1ee5 ph\u00e1p l\u00fd \u0111\u01b0\u1ee3c ch\u00fang t\u00f4i cung c\u1ea5p, n\u00f3 kh\u00f4ng \u0111\u01b0\u1ee3c xem l\u00e0 \u00fd ki\u1ebfn t\u01b0 v\u1ea5n c\u1ee7a ch\u00fang t\u00f4i.\nV\u00ec v\u1eady, \u0111\u1ec3 t\u00ecm hi\u1ec3u c\u00e1c l\u0129nh v\u1ef1c quan t\u00e2m, Qu\u00fd kh\u00e1ch h\u00e0ng vui l\u00f2ng li\u00ean l\u1ea1c v\u1edbi ch\u00fang t\u00f4i \u0111\u1ec3 \u0111\u01b0\u1ee3c cung c\u1ea5p d\u1ecbch v\u1ee5 n\u00e0y. Ch\u00fang t\u00f4i s\u1ebd kh\u00f4ng ch\u1ecbu c\u00e1c tr\u00e1ch nhi\u1ec7m ph\u00e1p l\u00fd n\u1ebfu Kh\u00e1ch h\u00e0ng s\u1eed d\u1ee5ng c\u00e1c th\u00f4ng tin \u0111\u01b0\u1ee3c n\u00eau t\u1ea1i Website n\u00e0y nh\u01b0 m\u1ed9t l\u1eddi khuy\u00ean ph\u00e1p l\u00fd c\u1ee7a Ch\u00fang t\u00f4i.<\/p><\/q><\/blockquote><\/div><div class=\"dt-sc-testimonial-author\"><cite>Tr\u01b0\u1edfng v\u0103n ph\u00f2ng lu\u1eadt s\u01b0<\/cite><\/div><\/div><\/div><\/div><\/div><\/div><\/div><div class=\"vc_row-full-width vc_clearfix\"><\/div><div class=\"vc_row wpb_row vc_row-fluid\"><div class=\"wpb_column vc_column_container vc_col-sm-12\"><div class=\"vc_column-inner\"><div class=\"wpb_wrapper\"><div class='dt-sc-hr-invisible-xlarge'> <\/div><\/div><\/div><\/div><\/div><div class=\"vc_row wpb_row vc_row-fluid\"><div class=\"wpb_column vc_column_container vc_col-sm-12\"><div class=\"vc_column-inner\"><div class=\"wpb_wrapper\">\r\n\t<div class=\"wpb_text_column wpb_content_element  vc_custom_1623671363011\"  >\r\n\t\t<div class=\"wpb_wrapper\">\r\n\t\t\t<h2 style=\"text-align: center;\"><strong>H\u00c3Y LI\u00caN H\u1ec6 CH\u00daNG T\u00d4I<\/strong><\/h2>\n\r\n\t\t<\/div>\r\n\t<\/div>\r\n<div class=\"vc_empty_space\"   style=\"height: 35px\"><span class=\"vc_empty_space_inner\"><\/span><\/div><div class='dt-sc-clear'> <\/div><\/div><\/div><\/div><div class=\"wpb_column vc_column_container vc_col-sm-4\"><div class=\"vc_column-inner\"><div class=\"wpb_wrapper\"><div class='dt-sc-contact-info type2'><span class='pe-icon pe-call'> <\/span><h6>H\u00e3y g\u1ecdi \u0111i\u1ec7n<\/h6><strong>Toll Free:<\/strong> 0243.7344.350\u00a0 <br> <strong>Fax: <\/strong>0243.7344.351<\/div><\/div><\/div><\/div><div class=\"wpb_column vc_column_container vc_col-sm-4\"><div class=\"vc_column-inner\"><div class=\"wpb_wrapper\"><div class='dt-sc-contact-info type2'><span class='pe-icon pe-mail'> <\/span><h6>Emai @<\/h6><a title=\"\" href=\"\/en\/phidenson@phidenson.com\/\">phidenson@phidenson.com\u00a0<\/a><br> <a href=\"mailto:sonnb@phidenson.com\">sonnb@phidenson.com<\/a><\/div><\/div><\/div><\/div><div class=\"wpb_column vc_column_container vc_col-sm-4\"><div class=\"vc_column-inner\"><div class=\"wpb_wrapper\"><div class='dt-sc-contact-info type2'><span class='pe-icon pe-map-marker'> <\/span><h6>\u0110\u1ecba ch\u1ec9<\/h6>T\u1ea7ng 4, S\u1ed1 33 Giang V\u0103n Minh,<br>Ph\u01b0\u1eddng Kim M\u00e3, Qu\u1eadn Ba \u0110\u00ecnh, H\u00e0 n\u1ed9i.<\/div><\/div><\/div><\/div><\/div><div data-vc-full-width=\"true\" data-vc-full-width-init=\"false\" class=\"vc_row wpb_row vc_row-fluid dt-sc-dark-bg vc_custom_1455339350757 vc_row-has-fill\"><div class=\"wpb_column vc_column_container vc_col-sm-12\"><div class=\"vc_column-inner\"><div class=\"wpb_wrapper\"><div class='dt-sc-newsletter-section type7'><h2>\u0110\u0102NG K\u00dd<\/h2><form name=\"frmNewsletter\" class=\"dt-sc-subscribe-frm\" action=\"#\" method=\"post\" data-trp-original-action=\"#\"><input type='email' name='mc_email' id='mc_email' required='required' placeholder='Email c\u1ee7a b\u1ea1n'><input type='submit' name='mc_submit' id='mc_submit' value='submit'><input type='hidden' name='mc_listid' id='mc_listid' value=''><input type='hidden' name='mc_apikey' id='mc_apikey' value=''><input type=\"hidden\" name=\"trp-form-language\" value=\"en\"\/><\/form><div class='newsletter-tooltip'>C\u1ea7n t\u01b0 v\u1ea5n, H\u00e3y \u0111\u1ec3 l\u1ea1i email, ch\u00fang t\u00f4i s\u1ebd li\u00ean h\u1ec7 l\u1ea1i v\u1edbi b\u1ea1n.<\/div><div class=\"dt_ajax_subscribe_msg\"><\/div><\/div><\/div><\/div><\/div><\/div><div class=\"vc_row-full-width vc_clearfix\"><\/div>\n<\/div>","protected":false},"excerpt":{"rendered":"CH\u00c0O M\u1eeaNG B\u1ea0N V\u0103n ph\u00f2ng lu\u1eadt s\u01b0 PHIDENSON VI\u1ec6T NAM ti\u1ec1n th\u00e2n l\u00e0 H\u00e3ng lu\u1eadt PHIDENSON V\u0103n Ph\u00f2ng Lu\u1eadt S\u01b0 \u0111\u01b0\u1ee3c s\u1ef1 t\u00edn nhi\u1ec7m cao c\u1ee7a Kh\u00e1ch h\u00e0ng. Xem th\u00eam DOANH NGHI\u1ec6PC\u00e1c Lu\u1eadt s\u01b0 c\u1ee7a ch\u00fang t\u00f4i s\u1ebd th\u1eadn tr\u1ecdng xem x\u00e9t \u0111\u00e1nh gi\u00e1 t\u1eebng s\u1ef1 ki\u1ec7n ph\u00e1p l\u00fd. T\u1eeb do, \u0111\u01b0a ra nh\u1eefng l\u1eddi [...]","protected":false},"author":1,"featured_media":0,"parent":0,"menu_order":0,"comment_status":"open","ping_status":"open","template":"","meta":{"footnotes":""},"class_list":["post-5150","page","type-page","status-publish","hentry"],"_links":{"self":[{"href":"https:\/\/phidenson.com\/en\/wp-json\/wp\/v2\/pages\/5150","targetHints":{"allow":["GET"]}}],"collection":[{"href":"https:\/\/phidenson.com\/en\/wp-json\/wp\/v2\/pages"}],"about":[{"href":"https:\/\/phidenson.com\/en\/wp-json\/wp\/v2\/types\/page"}],"author":[{"embeddable":true,"href":"https:\/\/phidenson.com\/en\/wp-json\/wp\/v2\/users\/1"}],"replies":[{"embeddable":true,"href":"https:\/\/phidenson.com\/en\/wp-json\/wp\/v2\/comments?post=5150"}],"version-history":[{"count":79,"href":"https:\/\/phidenson.com\/en\/wp-json\/wp\/v2\/pages\/5150\/revisions"}],"predecessor-version":[{"id":5466,"href":"https:\/\/phidenson.com\/en\/wp-json\/wp\/v2\/pages\/5150\/revisions\/5466"}],"wp:attachment":[{"href":"https:\/\/phidenson.com\/en\/wp-json\/wp\/v2\/media?parent=5150"}],"curies":[{"name":"wp","href":"https:\/\/api.w.org\/{rel}","templated":true}]}}