{"id":4962,"date":"2015-09-18T09:58:00","date_gmt":"2015-09-18T09:58:00","guid":{"rendered":"http:\/\/dummy.wedesignthemes.com\/veda\/attorney\/?page_id=4962"},"modified":"2021-06-15T15:19:54","modified_gmt":"2021-06-15T08:19:54","slug":"doanh-nghiep","status":"publish","type":"page","link":"https:\/\/phidenson.com\/en\/doanh-nghiep\/","title":{"rendered":"Doanh Nghi\u1ec7p"},"content":{"rendered":"<div class=\"wpb-content-wrapper\"><div class=\"vc_row wpb_row vc_row-fluid\"><div class=\"wpb_column vc_column_container vc_col-sm-12\"><div class=\"vc_column-inner\"><div class=\"wpb_wrapper\"><img loading=\"lazy\" decoding=\"async\" width=\"1920\" height=\"800\" src=\"https:\/\/phidenson.com\/wp-content\/uploads\/2021\/06\/HanoiOffice.jpg\" class=\"alignnone attachment-full\" alt=\"\" title=\"HanoiOffice\" srcset=\"https:\/\/phidenson.com\/wp-content\/uploads\/2021\/06\/HanoiOffice.jpg 1920w, https:\/\/phidenson.com\/wp-content\/uploads\/2021\/06\/HanoiOffice-300x125.jpg 300w, https:\/\/phidenson.com\/wp-content\/uploads\/2021\/06\/HanoiOffice-1024x427.jpg 1024w, https:\/\/phidenson.com\/wp-content\/uploads\/2021\/06\/HanoiOffice-768x320.jpg 768w, https:\/\/phidenson.com\/wp-content\/uploads\/2021\/06\/HanoiOffice-1536x640.jpg 1536w, https:\/\/phidenson.com\/wp-content\/uploads\/2021\/06\/HanoiOffice-16x7.jpg 16w\" sizes=\"auto, (max-width: 1920px) 100vw, 1920px\" \/><\/div><\/div><\/div><\/div><div class=\"vc_row wpb_row vc_row-fluid\"><div class=\"wpb_column vc_column_container vc_col-sm-12\"><div class=\"vc_column-inner\"><div class=\"wpb_wrapper\"><div class=\"vc_separator wpb_content_element vc_separator_align_center vc_sep_width_100 vc_sep_pos_align_center vc_separator_no_text vc_sep_color_grey\" ><span class=\"vc_sep_holder vc_sep_holder_l\"><span class=\"vc_sep_line\"><\/span><\/span><span class=\"vc_sep_holder vc_sep_holder_r\"><span class=\"vc_sep_line\"><\/span><\/span>\n<\/div><div class='dt-sc-clear'> <\/div><\/div><\/div><\/div><\/div><div class=\"vc_row wpb_row vc_row-fluid\"><div class=\"wpb_column vc_column_container vc_col-sm-12\"><div class=\"vc_column-inner\"><div class=\"wpb_wrapper\">\r\n\t<div class=\"wpb_text_column wpb_content_element\"  >\r\n\t\t<div class=\"wpb_wrapper\">\r\n\t\t\t<p><span style=\"font-weight: 400;\">Ch\u00fang t\u00f4i t\u1ef1 h\u00e0o c\u00f3 \u0111\u1ed9i ng\u0169 Lu\u1eadt s\u01b0 gi\u00e0u kinh nghi\u1ec7p trong l\u0129nh v\u1ef1c Ph\u00e1p lu\u1eadt v\u00ea doanh nghi\u1ec7p, nh\u1eefng Lu\u1eadt s\u01b0 n\u00e0y \u0111\u00e3 v\u00e0 \u0111ang l\u00e0 qu\u1ea3n l\u00fd c\u00e1c doanh nghi\u1ec7p kh\u00e1c trong nhi\u1ec1u l\u0129nh v\u1ef1c kh\u00e1c \u00a0 nhau. Ch\u00ednh v\u00ec v\u1eady, c\u00e1c Lu\u1eadt s\u01b0 s\u1ebd t\u01b0 v\u1ea5n cho ng\u01b0\u1eddi kh\u1edfi s\u1ef1 doanh nghi\u1ec7p m\u1ed9t b\u1ee9c tranh t\u1ed5ng qu\u00e1t v\u1ec1 Doanh nghi\u1ec7p.<\/span><\/p>\n\r\n\t\t<\/div>\r\n\t<\/div>\r\n<div class=\"vc_row wpb_row vc_inner vc_row-fluid vc-no-margin vc_custom_1451886033246 vc_row-no-padding\"><div class=\"wpb_column vc_column_container vc_col-sm-8\"><div class=\"vc_column-inner vc_custom_1455342335096\"><div class=\"wpb_wrapper\">\r\n\t<div class=\"wpb_text_column wpb_content_element\"  >\r\n\t\t<div class=\"wpb_wrapper\">\r\n\t\t\t<ul>\n<li>\n<ul>\n<li style=\"font-weight: 400;\" aria-level=\"1\"><span style=\"font-weight: 400;\">T\u01b0 v\u1ea5n kh\u1edfi s\u1ef1 Doanh ngi\u1ec7p<\/span><\/li>\n<\/ul>\n<ul>\n<li style=\"font-weight: 400;\" aria-level=\"1\"><span style=\"font-weight: 400;\">T\u01b0 v\u1ea5n thay \u0111\u1ed5i n\u1ed9i dung \u0111\u0103ng k\u00fd kinh doanh c\u1ee7a Doanh nghi\u1ec7p<\/span><\/li>\n<\/ul>\n<ul>\n<li style=\"font-weight: 400;\" aria-level=\"1\"><span style=\"font-weight: 400;\">T\u01b0 v\u1ea5n S\u00e1p nh\u1eadp Doanh nghi\u1ec7p<\/span><\/li>\n<\/ul>\n<ul>\n<li style=\"font-weight: 400;\" aria-level=\"1\"><span style=\"font-weight: 400;\">T\u01b0 v\u1ea5n chia doanh nghi\u1ec7p<\/span><\/li>\n<\/ul>\n<ul>\n<li style=\"font-weight: 400;\" aria-level=\"1\"><span style=\"font-weight: 400;\">T\u01b0 v\u1ea5n H\u1ee3p nh\u1ea5t doanh nghi\u1ec7p<\/span><\/li>\n<\/ul>\n<ul>\n<li style=\"font-weight: 400;\" aria-level=\"1\"><span style=\"font-weight: 400;\">T\u01b0 v\u1ea5n T\u00e1ch doanh nghi\u1ec7p<\/span><\/li>\n<\/ul>\n<ul>\n<li style=\"font-weight: 400;\" aria-level=\"1\"><span style=\"font-weight: 400;\">T\u01b0 v\u1ea5n gi\u1ea3i th\u1ec3 doanh nghi\u1ec7p<\/span><\/li>\n<\/ul>\n<\/li>\n<\/ul>\n\r\n\t\t<\/div>\r\n\t<\/div>\r\n<\/div><\/div><\/div><div class=\"wpb_column vc_column_container vc_col-sm-4\"><div class=\"vc_column-inner vc_custom_1455342341925\"><div class=\"wpb_wrapper\"><div class='dt-sc-icon-box type13'><div class=\"icon-wrapper\"><span class='pe-icon pe-note2'> <\/span><\/div><div class=\"icon-content\"><h4>940<\/h4>S\u1ed1 doanh nghi\u1ec7p h\u1ed7 tr\u1ee3<\/div><\/div><div class='dt-sc-icon-box type13'><div class=\"icon-wrapper\"><span class='pe-icon pe-note2'> <\/span><\/div><div class=\"icon-content\"><h4>99%<\/h4>Tr\u01b0\u1eddng h\u1ee3p th\u1ecfa m\u00e3n d\u1ecbch v\u1ee5<\/div><\/div><div class='dt-sc-icon-box type13'><div class=\"icon-wrapper\"><span class='pe-icon pe-note2'> <\/span><\/div><div class=\"icon-content\"><h4>35<\/h4>C\u00f4ng ty trong n\u0103m 2021<\/div><\/div><\/div><\/div><\/div><\/div>\r\n\t<div class=\"wpb_text_column wpb_content_element\"  >\r\n\t\t<div class=\"wpb_wrapper\">\r\n\t\t\t<p><span style=\"font-weight: 400;\">Trong t\u1ea5t c\u1ea3 c\u00e1c v\u1ea5n \u0111\u1ec1 nh\u01b0 \u0111\u00e3 n\u00eau tr\u00ean v\u1ec1 doanh nghi\u1ec7p, c\u00e1c Lu\u1eadt s\u01b0 c\u1ee7a ch\u00fang t\u00f4i s\u1ebd th\u1eadn tr\u1ecdng xem x\u00e9t \u0111\u00e1nh gi\u00e1 t\u1eebng s\u1ef1 ki\u1ec7n ph\u00e1p l\u00fd. T\u1eeb do, \u0111\u01b0a ra nh\u1eefng l\u1eddi khuy\u00ean ph\u00e1p l\u00fd hi\u1ec7u qu\u1ea3 cho Kh\u00e1ch h\u00e0ng. <\/span><\/p>\n\r\n\t\t<\/div>\r\n\t<\/div>\r\n<div class='dt-sc-clear'> <\/div><\/div><\/div><\/div><\/div><div class=\"vc_row wpb_row vc_row-fluid\"><div class=\"wpb_column vc_column_container vc_col-sm-12\"><div class=\"vc_column-inner\"><div class=\"wpb_wrapper\"><div class=\"vc_separator wpb_content_element vc_separator_align_center vc_sep_width_100 vc_sep_pos_align_center vc_separator_no_text vc_sep_color_grey\" ><span class=\"vc_sep_holder vc_sep_holder_l\"><span class=\"vc_sep_line\"><\/span><\/span><span class=\"vc_sep_holder vc_sep_holder_r\"><span class=\"vc_sep_line\"><\/span><\/span>\n<\/div><\/div><\/div><\/div><\/div><div class=\"vc_row wpb_row vc_row-fluid\"><div class=\"wpb_column vc_column_container vc_col-sm-12\"><div class=\"vc_column-inner\"><div class=\"wpb_wrapper\"><h2 style=\"text-align: left;font-family:Abril Fatface;font-weight:400;font-style:normal\" class=\"vc_custom_heading\" >C\u00e1c b\u00e0i vi\u1ebft tham kh\u1ea3o<\/h2><\/div><\/div><\/div><\/div><div class=\"vc_row wpb_row vc_row-fluid\"><div class=\"wpb_column vc_column_container vc_col-sm-12\"><div class=\"vc_column-inner\"><div class=\"wpb_wrapper\"><div class='tpl-blog-holder apply-isotope'><div class='column dt-sc-one-third with-sidebar first'><article id=\"post-5528\" class=\"blog-entry  post-5528 post type-post status-publish format-standard has-post-thumbnail hentry category-tu-van-phap-ly-thuong-xuyen\"><div class=\"entry-thumb\">\t<a href=\"https:\/\/phidenson.com\/en\/dich-vu-tu-van-thue\/\"><img loading=\"lazy\" decoding=\"async\" width=\"420\" height=\"216\" src=\"https:\/\/phidenson.com\/wp-content\/uploads\/2021\/05\/thue.jpg\" class=\"attachment-full size-full wp-post-image\" alt=\"\" srcset=\"https:\/\/phidenson.com\/wp-content\/uploads\/2021\/05\/thue.jpg 420w, https:\/\/phidenson.com\/wp-content\/uploads\/2021\/05\/thue-300x154.jpg 300w, https:\/\/phidenson.com\/wp-content\/uploads\/2021\/05\/thue-16x8.jpg 16w\" sizes=\"auto, (max-width: 420px) 100vw, 420px\" \/><\/a>\t<div class=\"entry-format\">\t\t<a class=\"ico-format\" href=\"\"><\/a>\t<\/div><\/div><div class=\"entry-details\">\t<div class=\"entry-meta\">\t\t<div class=\"date\">Posted on 15 Jun 2021\t\t<\/div>\t\t<div class=\"comments\">\/ <a class=\"comments\" href=\"https:\/\/phidenson.com\/en\/dich-vu-tu-van-thue\/\/#respond\">\t<i class=\"pe-icon pe-chat\"><\/i> 0  Comments<\/a>\t\t<\/div>\t\t<div class=\"author\">\t\t\t\/ <i class=\"pe-icon pe-user\"> <\/i>\t\t\t<a href=\"https:\/\/phidenson.com\/en\/author\/admin\/\">admin<\/a>\t\t<\/div>\t<\/div>\t<div class=\"entry-title\">\t\t<h4><a href=\"https:\/\/phidenson.com\/en\/dich-vu-tu-van-thue\/\">D\u1ecaCH V\u1ee4 T\u01af V\u1ea4N THU\u1ebe<\/a><\/h4>\t<\/div><div class=\"entry-body\"><p>Qu\u00e1 tr\u00ecnh c\u1ea3i c\u00e1ch v\u00e0 ho\u00e0n thi\u1ec7n c\u00e1c ch\u00ednh s\u00e1ch thu\u1ebf c\u1ee7a Vi\u1ec7t Nam hi\u1ec7n nay di\u1ec5n ra nhanh ch\u00f3ng. \u0110i\u1ec1u n\u00e0y t\u1ea1o ra kh\u00f4ng \u00edt kh\u00f3 kh\u0103n cho c\u00e1c doanh nghi\u1ec7p trong vi\u1ec7c c\u1eadp nh\u1eadt v\u00e0 v\u1eadn d\u1ee5ng...<\/p><\/div>\t<div class=\"entry-meta-data\"><p class=\"category\">\t<i class=\"pe-icon pe-network\"> <\/i><a href=\"https:\/\/phidenson.com\/en\/category\/tu-van-phap-ly-thuong-xuyen\/\">T\u01b0 v\u1ea5n ph\u00e1p l\u00fd th\u01b0\u1eddng xuy\u00ean<\/a><\/p>\t<\/div><a href=\"https:\/\/phidenson.com\/en\/dich-vu-tu-van-thue\/\" target='_self' title='' class='dt-sc-button   small icon-right with-icon  filled  type1' > Read More <span class='fa fa-long-arrow-right'> <\/span><\/a><\/div><\/article><\/div><\/div><\/div><\/div><\/div><\/div>\n<\/div>","protected":false},"excerpt":{"rendered":"Qu\u00e1 tr\u00ecnh c\u1ea3i c\u00e1ch v\u00e0 ho\u00e0n thi\u1ec7n c\u00e1c ch\u00ednh s\u00e1ch thu\u1ebf c\u1ee7a Vi\u1ec7t Nam hi\u1ec7n nay di\u1ec5n ra nhanh ch\u00f3ng. \u0110i\u1ec1u n\u00e0y t\u1ea1o ra kh\u00f4ng \u00edt kh\u00f3 kh\u0103n cho c\u00e1c doanh nghi\u1ec7p trong vi\u1ec7c c\u1eadp nh\u1eadt v\u00e0 v\u1eadn d\u1ee5ng c\u00e1c thay \u0111\u1ed5i ph\u00e1p l\u00fd v\u1ec1 thu\u1ebf cho ho\u1ea1t \u0111\u1ed9ng kinh doanh. D\u1ecbch v\u1ee5 t\u01b0 v\u1ea5n [...]","protected":false},"author":1,"featured_media":0,"parent":0,"menu_order":0,"comment_status":"closed","ping_status":"closed","template":"","meta":{"footnotes":""},"class_list":["post-4962","page","type-page","status-publish","hentry"],"_links":{"self":[{"href":"https:\/\/phidenson.com\/en\/wp-json\/wp\/v2\/pages\/4962","targetHints":{"allow":["GET"]}}],"collection":[{"href":"https:\/\/phidenson.com\/en\/wp-json\/wp\/v2\/pages"}],"about":[{"href":"https:\/\/phidenson.com\/en\/wp-json\/wp\/v2\/types\/page"}],"author":[{"embeddable":true,"href":"https:\/\/phidenson.com\/en\/wp-json\/wp\/v2\/users\/1"}],"replies":[{"embeddable":true,"href":"https:\/\/phidenson.com\/en\/wp-json\/wp\/v2\/comments?post=4962"}],"version-history":[{"count":30,"href":"https:\/\/phidenson.com\/en\/wp-json\/wp\/v2\/pages\/4962\/revisions"}],"predecessor-version":[{"id":5557,"href":"https:\/\/phidenson.com\/en\/wp-json\/wp\/v2\/pages\/4962\/revisions\/5557"}],"wp:attachment":[{"href":"https:\/\/phidenson.com\/en\/wp-json\/wp\/v2\/media?parent=4962"}],"curies":[{"name":"wp","href":"https:\/\/api.w.org\/{rel}","templated":true}]}}