{"id":4894,"date":"2015-09-15T09:36:48","date_gmt":"2015-09-15T09:36:48","guid":{"rendered":"http:\/\/dummy.wedesignthemes.com\/veda\/attorney\/?page_id=4894"},"modified":"2021-06-14T19:08:20","modified_gmt":"2021-06-14T12:08:20","slug":"lien-he","status":"publish","type":"page","link":"https:\/\/phidenson.com\/en\/lien-he\/","title":{"rendered":"CONTACT"},"content":{"rendered":"<div class=\"wpb-content-wrapper\"><div data-vc-full-width=\"true\" data-vc-full-width-init=\"false\" data-vc-stretch-content=\"true\" class=\"vc_row wpb_row vc_row-fluid vc_custom_1458207762682 vc_row-no-padding\"><div class=\"wpb_column vc_column_container vc_col-sm-12\"><div class=\"vc_column-inner\"><div class=\"wpb_wrapper\"><div class=\"wpb_gmaps_widget wpb_content_element\"><div class=\"wpb_wrapper\"><div class=\"wpb_map_wraper\"><iframe src=\"https:\/\/www.google.com\/maps\/embed?pb=!1m18!1m12!1m3!1d3724.0503224046815!2d105.82373361493266!3d21.03067238599743!2m3!1f0!2f0!3f0!3m2!1i1024!2i768!4f13.1!3m3!1m2!1s0x3135ab74fd1c2c07%3A0x66ad75c82365126c!2zMzMgR2lhbmcgVsSDbiBNaW5oLCBLaW0gTcOjLCBCYSDEkMOsbmgsIEjDoCBO4buZaQ!5e0!3m2!1svi!2s!4v1623667976366!5m2!1svi!2s\" width=\"600\" height=\"450\" style=\"border:0;\" allowfullscreen=\"\" loading=\"lazy\"><\/iframe><\/div><\/div><\/div><\/div><\/div><\/div><\/div><div class=\"vc_row-full-width vc_clearfix\"><\/div><div data-vc-full-width=\"true\" data-vc-full-width-init=\"false\" class=\"vc_row wpb_row vc_row-fluid dt-sc-overflow_visible vc_custom_1465211237027\"><div class=\"wpb_column vc_column_container vc_col-sm-4\"><div class=\"vc_column-inner\"><div class=\"wpb_wrapper\"><div class='dt-sc-contact-info type8'><span class='icon icon-phone2'> <\/span><h6>G\u1ecdi \u0111i\u1ec7n<\/h6><strong>\u0110i\u1ec7n tho\u1ea1i:<\/strong> 0243.7344.350 <br> <strong>Fax:<\/strong> 0243.7344.351<\/div><\/div><\/div><\/div><div class=\"wpb_column vc_column_container vc_col-sm-4\"><div class=\"vc_column-inner\"><div class=\"wpb_wrapper\"><div class='dt-sc-contact-info type8'><span class='icon icon-mail'> <\/span><h6>Mail ch\u00fang t\u00f4i @<\/h6>phidenson@phidenson.com<a title=\"\" href=\"#\">\u00a0<\/a><br><a href=\"mailto:phidenson@phidenson.com\">support@phidenson.com<\/a><\/div><\/div><\/div><\/div><div class=\"wpb_column vc_column_container vc_col-sm-4\"><div class=\"vc_column-inner\"><div class=\"wpb_wrapper\"><div class='dt-sc-contact-info type8'><span class='icon icon-pointer'> <\/span><h6>\u0110\u1ecba ch\u1ec9 li\u00ean h\u1ec7<\/h6>T\u1ea7ng 4, S\u1ed1 33 Giang V\u0103n Minh <br> Ph\u01b0\u1eddng Kim M\u00e3, Qu\u1eadn Ba \u0110\u00ecnh, H\u00e0 n\u1ed9i<\/div><\/div><\/div><\/div><\/div><div class=\"vc_row-full-width vc_clearfix\"><\/div><div class=\"vc_row wpb_row vc_row-fluid\"><div class=\"wpb_column vc_column_container vc_col-sm-12\"><div class=\"vc_column-inner\"><div class=\"wpb_wrapper\"><div class=\"vc_empty_space\"   style=\"height: 50px\"><span class=\"vc_empty_space_inner\"><\/span><\/div>\r\n\t<div class=\"wpb_text_column wpb_content_element  vc_custom_1623670078003 aligncenter\"  >\r\n\t\t<div class=\"wpb_wrapper\">\r\n\t\t\t<p>Ch\u00e0o m\u1eebng Qu\u00fd Kh\u00e1ch \u0111\u00e3 gh\u00e9 th\u0103m Website c\u1ee7a Ch\u00fang t\u00f4i. N\u1ebfu Qu\u00fd Kh\u00e1ch c\u00f3 b\u1ea5t k\u1ef3 y\u00eau c\u1ea7u d\u1ecbch v\u1ee5 ph\u00e1p l\u00fd n\u00e0o xin li\u00ean h\u1ec7 v\u1edbi ch\u00fang t\u00f4i theo th\u00f4ng tin v\u00e0 \u0111\u1ecba ch\u1ec9 d\u01b0\u1edbi \u0111\u00e2y:<\/p>\n\r\n\t\t<\/div>\r\n\t<\/div>\r\n<div class=\"vc_empty_space\"   style=\"height: 50px\"><span class=\"vc_empty_space_inner\"><\/span><\/div><h2 style=\"font-size: 30px;color: #333333;text-align: center;font-family:PT Serif;font-weight:400;font-style:normal\" class=\"vc_custom_heading heading-double-border\" >NH\u1eacP TH\u00d4NG TIN<\/h2><div class=\"vc_empty_space\"   style=\"height: 50px\"><span class=\"vc_empty_space_inner\"><\/span><\/div>\n<div class=\"wpcf7 no-js\" id=\"wpcf7-f4899-o1\" lang=\"en-US\" dir=\"ltr\">\n<div class=\"screen-reader-response\"><p role=\"status\" aria-live=\"polite\" aria-atomic=\"true\"><\/p> <ul><\/ul><\/div>\n<form action=\"\/en\/wp-json\/wp\/v2\/pages\/4894#wpcf7-f4899-o1\" method=\"post\" class=\"wpcf7-form init attorney-contact-form\" aria-label=\"Contact form\" novalidate=\"novalidate\" data-status=\"init\" data-trp-original-action=\"\/en\/wp-json\/wp\/v2\/pages\/4894#wpcf7-f4899-o1\">\n<div style=\"display: none;\">\n<input type=\"hidden\" name=\"_wpcf7\" value=\"4899\" \/>\n<input type=\"hidden\" name=\"_wpcf7_version\" value=\"5.8.5\" \/>\n<input type=\"hidden\" name=\"_wpcf7_locale\" value=\"en_US\" \/>\n<input type=\"hidden\" name=\"_wpcf7_unit_tag\" value=\"wpcf7-f4899-o1\" \/>\n<input type=\"hidden\" name=\"_wpcf7_container_post\" value=\"0\" \/>\n<input type=\"hidden\" name=\"_wpcf7_posted_data_hash\" value=\"\" \/>\n<\/div>\n<div class=\"vc_row wpb_row vc_row-fluid\"><div class=\"wpb_column vc_column_container vc_col-sm-4\"><div class=\"vc_column-inner\"><div class=\"wpb_wrapper\"><span class=\"wpcf7-form-control-wrap\" data-name=\"text-752\"><input size=\"40\" class=\"wpcf7-form-control wpcf7-text wpcf7-validates-as-required\" aria-required=\"true\" aria-invalid=\"false\" placeholder=\"Name *\" value=\"\" type=\"text\" name=\"text-752\" \/><\/span><\/div><\/div><\/div><div class=\"wpb_column vc_column_container vc_col-sm-4\"><div class=\"vc_column-inner\"><div class=\"wpb_wrapper\"><span class=\"wpcf7-form-control-wrap\" data-name=\"email-654\"><input size=\"40\" class=\"wpcf7-form-control wpcf7-email wpcf7-validates-as-required wpcf7-text wpcf7-validates-as-email\" aria-required=\"true\" aria-invalid=\"false\" placeholder=\"Email *\" value=\"\" type=\"email\" name=\"email-654\" \/><\/span><\/div><\/div><\/div><div class=\"wpb_column vc_column_container vc_col-sm-4\"><div class=\"vc_column-inner\"><div class=\"wpb_wrapper\"><span class=\"wpcf7-form-control-wrap\" data-name=\"tel-60\"><input size=\"40\" class=\"wpcf7-form-control wpcf7-tel wpcf7-validates-as-required wpcf7-text wpcf7-validates-as-tel\" aria-required=\"true\" aria-invalid=\"false\" placeholder=\"Phone *\" value=\"\" type=\"tel\" name=\"tel-60\" \/><\/span><\/div><\/div><\/div><div class='dt-sc-clear'> <\/div><div class='dt-sc-hr-invisible-xsmall'> <\/div><div class='dt-sc-clear'> <\/div><div class=\"wpb_column vc_column_container vc_col-sm-12\"><div class=\"vc_column-inner\"><div class=\"wpb_wrapper\"><span class=\"wpcf7-form-control-wrap\" data-name=\"textarea-220\"><textarea cols=\"40\" rows=\"10\" class=\"wpcf7-form-control wpcf7-textarea\" aria-invalid=\"false\" placeholder=\"Message *\" name=\"textarea-220\"><\/textarea><\/span><\/div><\/div><\/div><div class='dt-sc-hr-invisible-xsmall'> <\/div><div class=\"wpb_column vc_column_container vc_col-sm-12\"><div class=\"vc_column-inner\"><div class=\"wpb_wrapper\"><input class=\"wpcf7-form-control wpcf7-submit has-spinner\" type=\"submit\" value=\"Send Message\" \/><\/div><\/div><\/div><\/div><p style=\"display: none !important;\"><label>&#916;<textarea name=\"_wpcf7_ak_hp_textarea\" cols=\"45\" rows=\"8\" maxlength=\"100\"><\/textarea><\/label><input type=\"hidden\" id=\"ak_js_1\" name=\"_wpcf7_ak_js\" value=\"58\"\/><script>document.getElementById( \"ak_js_1\" ).setAttribute( \"value\", ( new Date() ).getTime() );<\/script><\/p><div class=\"wpcf7-response-output\" aria-hidden=\"true\"><\/div>\n<input type=\"hidden\" name=\"trp-form-language\" value=\"en\"\/><\/form>\n<\/div>\n<div class='dt-sc-clear'> <\/div><div class='dt-sc-hr-invisible-large'> <\/div><div class='dt-sc-hr-invisible-xsmall'> <\/div><div class=\"vc_empty_space\"   style=\"height: 80px\"><span class=\"vc_empty_space_inner\"><\/span><\/div><\/div><\/div><\/div><\/div>\n<\/div>","protected":false},"excerpt":{"rendered":"G\u1ecdi \u0111i\u1ec7n\u0110i\u1ec7n tho\u1ea1i: 0243.7344.350 Fax: 0243.7344.351 Mail ch\u00fang t\u00f4i @phidenson@phidenson.com\u00a0support@phidenson.com \u0110\u1ecba ch\u1ec9 li\u00ean h\u1ec7T\u1ea7ng 4, S\u1ed1 33 Giang V\u0103n Minh Ph\u01b0\u1eddng Kim M\u00e3, Qu\u1eadn Ba \u0110\u00ecnh, H\u00e0 n\u1ed9i Ch\u00e0o m\u1eebng Qu\u00fd Kh\u00e1ch \u0111\u00e3 gh\u00e9 th\u0103m Website c\u1ee7a Ch\u00fang t\u00f4i. N\u1ebfu Qu\u00fd Kh\u00e1ch c\u00f3 b\u1ea5t k\u1ef3 y\u00eau c\u1ea7u d\u1ecbch v\u1ee5 ph\u00e1p l\u00fd n\u00e0o xin li\u00ean h\u1ec7 [...]","protected":false},"author":1,"featured_media":0,"parent":0,"menu_order":0,"comment_status":"closed","ping_status":"closed","template":"","meta":{"footnotes":""},"class_list":["post-4894","page","type-page","status-publish","hentry"],"_links":{"self":[{"href":"https:\/\/phidenson.com\/en\/wp-json\/wp\/v2\/pages\/4894","targetHints":{"allow":["GET"]}}],"collection":[{"href":"https:\/\/phidenson.com\/en\/wp-json\/wp\/v2\/pages"}],"about":[{"href":"https:\/\/phidenson.com\/en\/wp-json\/wp\/v2\/types\/page"}],"author":[{"embeddable":true,"href":"https:\/\/phidenson.com\/en\/wp-json\/wp\/v2\/users\/1"}],"replies":[{"embeddable":true,"href":"https:\/\/phidenson.com\/en\/wp-json\/wp\/v2\/comments?post=4894"}],"version-history":[{"count":11,"href":"https:\/\/phidenson.com\/en\/wp-json\/wp\/v2\/pages\/4894\/revisions"}],"predecessor-version":[{"id":5422,"href":"https:\/\/phidenson.com\/en\/wp-json\/wp\/v2\/pages\/4894\/revisions\/5422"}],"wp:attachment":[{"href":"https:\/\/phidenson.com\/en\/wp-json\/wp\/v2\/media?parent=4894"}],"curies":[{"name":"wp","href":"https:\/\/api.w.org\/{rel}","templated":true}]}}