{"id":378,"date":"2014-06-12T05:08:53","date_gmt":"2014-06-12T05:08:53","guid":{"rendered":"http:\/\/localhost\/trendy-travel\/?page_id=367"},"modified":"2021-06-15T15:32:33","modified_gmt":"2021-06-15T08:32:33","slug":"blog-iii-col","status":"publish","type":"page","link":"https:\/\/phidenson.com\/en\/dich-vu\/blog-iii-col\/","title":{"rendered":"T\u01b0 v\u1ea5n \u0111\u1ea7u t\u01b0 n\u01b0\u1edbc ngo\u00e0i"},"content":{"rendered":"<div class=\"wpb-content-wrapper\"><div class=\"vc_row wpb_row vc_row-fluid\"><div class=\"wpb_column vc_column_container vc_col-sm-12\"><div class=\"vc_column-inner\"><div class=\"wpb_wrapper\">\r\n\t<div class=\"wpb_text_column wpb_content_element\"  >\r\n\t\t<div class=\"wpb_wrapper\">\r\n\t\t\t<p><span style=\"font-weight: 400;\">Lu\u1eadt \u0111\u1ea7u t\u01b0 n\u0103m 2014, Cam k\u1ebft gia nh\u1eadp T\u1ed5 ch\u1ee9c Th\u01b0\u01a1ng m\u1ea1i \u0111\u01b0a l\u1ea1i nh\u1eefng b\u01b0\u1edbc ti\u1ebfn l\u1edbn m\u1ea1nh trong thu h\u00fat \u0111\u1ea7u t\u01b0 n\u01b0\u1edbc ngo\u00e0i v\u00e0o Vi\u1ec7t Nam. Cam k\u1ebft m\u1edf c\u1eeda th\u1ecb tr\u01b0\u1eddng trong c\u00e1c l\u0129nh v\u1ef1c b\u1ea5t \u0111\u1ed9ng s\u1ea3n, ph\u00e2n ph\u1ed1i h\u00e0ng h\u00f3a, logistic, ng\u00e2n h\u00e0ng, v\u1eadn t\u1ea3i \u0111a ph\u01b0\u01a1ng th\u1ee9c mang \u0111\u1ebfn s\u1ef1 hi\u1ec7n di\u1ec7n c\u1ee7a r\u1ea5t nhi\u1ec1u t\u1eadp \u0111o\u00e0n qu\u1ed1c t\u1ebf l\u1edbn, \u0111\u1ea7u t\u01b0 tr\u1ef1c ti\u1ebfp v\u00e0o Vi\u1ec7t Nam.<\/span><\/p>\n\r\n\t\t<\/div>\r\n\t<\/div>\r\n<\/div><\/div><\/div><\/div><div class=\"vc_row wpb_row vc_row-fluid\"><div class=\"wpb_column vc_column_container vc_col-sm-12\"><div class=\"vc_column-inner\"><div class=\"wpb_wrapper\">\r\n\t<div class=\"wpb_text_column wpb_content_element\"  >\r\n\t\t<div class=\"wpb_wrapper\">\r\n\t\t\t<p><span style=\"font-weight: 400;\">PHIDENSON t\u1ef1 h\u00e0o l\u00e0 V\u0103n Ph\u00f2ng Lu\u1eadt S\u01b0 cung c\u1ea5p m\u1ed9t c\u00e1ch to\u00e0n di\u1ec7n t\u1ea5t c\u1ea3 c\u00e1c nhu c\u1ea7u ph\u00e1p l\u00fd c\u00f3 li\u00ean quan \u0111\u1ebfn m\u1ed9t t\u1ed5 ch\u1ee9c, c\u00e1 nh\u00e2n ng\u01b0\u1eddi n\u01b0\u1edbc ngo\u00e0i \u0111\u1ea7u t\u01b0, kinh doanh v\u00e0 sinh s\u1ed1ng t\u1ea1i Vi\u1ec7t Nam. B\u00ean c\u1ea1nh c\u00e1c d\u1ecbch v\u1ee5 ph\u00e1p l\u00fd nh\u01b0 cung c\u1ea5p t\u1edbi nh\u00e0 \u0111\u1ea7u t\u01b0\/ Doanh nghi\u1ec7p trong n\u01b0\u1edbc, d\u01b0\u1edbi \u0111\u00e2y l\u00e0 m\u1ed9t s\u1ed1 d\u1ecbch v\u1ee5 \u0111i\u1ec3n h\u00ecnh, th\u00e0nh c\u00f4ng c\u1ee7a PHIDENSON \u0111\u1ed1i v\u1edbi ri\u00eang nh\u00e0 \u0111\u1ea7u t\u01b0 n\u01b0\u1edbc ngo\u00e0i: <\/span><\/p>\n\r\n\t\t<\/div>\r\n\t<\/div>\r\n<\/div><\/div><\/div><\/div><div class=\"vc_row wpb_row vc_row-fluid\"><div class=\"wpb_column vc_column_container vc_col-sm-12\"><div class=\"vc_column-inner\"><div class=\"wpb_wrapper\"><div class='dt-sc-image-flip'><img loading=\"lazy\" decoding=\"async\" width=\"615\" height=\"401\" src=\"https:\/\/phidenson.com\/wp-content\/uploads\/2021\/06\/2610_dau-tu-nuoc-ngoai-fdi.jpg\" class=\"attachment-full\" alt=\"\" title=\"2610_dau-tu-nuoc-ngoai-fdi\" srcset=\"https:\/\/phidenson.com\/wp-content\/uploads\/2021\/06\/2610_dau-tu-nuoc-ngoai-fdi.jpg 615w, https:\/\/phidenson.com\/wp-content\/uploads\/2021\/06\/2610_dau-tu-nuoc-ngoai-fdi-300x196.jpg 300w, https:\/\/phidenson.com\/wp-content\/uploads\/2021\/06\/2610_dau-tu-nuoc-ngoai-fdi-16x10.jpg 16w, https:\/\/phidenson.com\/wp-content\/uploads\/2021\/06\/2610_dau-tu-nuoc-ngoai-fdi-420x275.jpg 420w\" sizes=\"auto, (max-width: 615px) 100vw, 615px\" \/><img loading=\"lazy\" decoding=\"async\" width=\"600\" height=\"340\" src=\"https:\/\/phidenson.com\/wp-content\/uploads\/2021\/06\/nha-dau-tu-nuoc-ngoai_3107154055.jpg\" class=\"attachment-full\" alt=\"\" title=\"nha-dau-tu-nuoc-ngoai_3107154055\" srcset=\"https:\/\/phidenson.com\/wp-content\/uploads\/2021\/06\/nha-dau-tu-nuoc-ngoai_3107154055.jpg 600w, https:\/\/phidenson.com\/wp-content\/uploads\/2021\/06\/nha-dau-tu-nuoc-ngoai_3107154055-300x170.jpg 300w, https:\/\/phidenson.com\/wp-content\/uploads\/2021\/06\/nha-dau-tu-nuoc-ngoai_3107154055-16x9.jpg 16w\" sizes=\"auto, (max-width: 600px) 100vw, 600px\" \/><\/div><ul class='dt-sc-fancy-list   circle-bullet'>\n<li style=\"font-weight: 400;\" aria-level=\"1\"><span style=\"font-weight: 400;\">B\u00e1o c\u00e1o ph\u00e1p l\u00fd v\u00e0 nghi\u00ean c\u1ee9u ti\u1ec1n kh\u1ea3 thi cho d\u1ef1 \u00e1n \u0111\u1ea7u t\u01b0.<\/span><\/li>\n<li style=\"font-weight: 400;\" aria-level=\"1\"><span style=\"font-weight: 400;\">T\u01b0 v\u1ea5n h\u00ecnh th\u1ee9c \u0111\u1ea7u t\u01b0 theo quy \u0111\u1ecbnh c\u1ee7a ph\u00e1p lu\u1eadt.<\/span><\/li>\n<li style=\"font-weight: 400;\" aria-level=\"1\"><span style=\"font-weight: 400;\">D\u1ecbch v\u1ee5 ph\u00e1p l\u00fd xin c\u1ea5p Gi\u1ea5y ch\u1ee9ng nh\u1eadn \u0111\u1ea7u t\u01b0\u00a0<\/span><\/li>\n<li style=\"font-weight: 400;\" aria-level=\"1\"><span style=\"font-weight: 400;\">D\u1ecbch v\u1ee5 ph\u00e1p l\u00fd sau th\u00e0nh l\u1eadp.<\/span><\/li>\n<li aria-level=\"1\"><span style=\"font-weight: 400;\">D\u1ecbch v\u1ee5 ph\u00e1p l\u00fd cho c\u00e1 nh\u00e2n ng\u01b0\u1eddi n\u01b0\u1edbc ngo\u00e0i.<\/span>\n<ul class='dt-sc-fancy-list   circle-bullet'>\n<li aria-level=\"1\">T\u01b0 v\u1ea5n v\u00e0 th\u1ef1c hi\u1ec7n th\u1ee7 t\u1ee5c c\u1ea5p Visa;<\/li>\n<li aria-level=\"1\">T\u01b0 v\u1ea5n v\u00e0 th\u1ef1c hi\u1ec7n th\u1ee7 t\u1ee5c c\u1ea5p L\u00fd l\u1ecbch t\u01b0 ph\u00e1p;<\/li>\n<li aria-level=\"1\">T\u01b0 v\u1ea5n v\u00e0 th\u1ef1c hi\u1ec7n th\u1ee7 t\u1ee5c c\u1ea5p Gi\u1ea5y ph\u00e9p lao \u0111\u1ed9ng; Quy\u1ebft \u0111\u1ecbnh ch\u1ea5p thu\u1eadn ng\u01b0\u1eddi n\u01b0\u1edbc ngo\u00e0i v\u00e0o Vi\u1ec7t Nam theo di\u1ec7n Th\u01b0 m\u1eddi;<\/li>\n<li aria-level=\"1\"><span style=\"font-weight: 400;\">T\u01b0 v\u1ea5n v\u00e0 th\u1ef1c hi\u1ec7n th\u1ee7 t\u1ee5c c\u1ea5p Th\u1ebb th\u01b0\u1eddng tr\u00fa; Th\u1ebb t\u1ea1m tr\u00fa<\/span><span style=\"font-weight: 400;\">.<\/span><\/li>\n<\/ul>\n<\/li>\n<\/ul><\/div><\/div><\/div><\/div><div class=\"vc_row wpb_row vc_row-fluid\"><div class=\"wpb_column vc_column_container vc_col-sm-12\"><div class=\"vc_column-inner\"><div class=\"wpb_wrapper\">\r\n\t<div class=\"wpb_text_column wpb_content_element\"  >\r\n\t\t<div class=\"wpb_wrapper\">\r\n\t\t\t<p><span style=\"font-weight: 400;\">Cho \u0111\u1ebfn th\u1eddi \u0111i\u1ec3m hi\u1ec7n nay, ch\u00fang t\u00f4i \u0111\u00e3 cung c\u1ea5p d\u1ecbch v\u1ee5 n\u00f3i tr\u00ean cho h\u00e0ng tr\u0103m doanh nghi\u1ec7p n\u01b0\u1edbc ngo\u00e0i khi \u0111\u1ea7u t\u01b0 t\u1ea1i Vi\u1ec7t Nam. <\/span><\/p>\n\r\n\t\t<\/div>\r\n\t<\/div>\r\n<\/div><\/div><\/div><\/div><div class=\"vc_row wpb_row vc_row-fluid\"><div class=\"wpb_column vc_column_container vc_col-sm-12\"><div class=\"vc_column-inner\"><div class=\"wpb_wrapper\"><\/div><\/div><\/div><\/div>\n<\/div>","protected":false},"excerpt":{"rendered":"Lu\u1eadt \u0111\u1ea7u t\u01b0 n\u0103m 2014, Cam k\u1ebft gia nh\u1eadp T\u1ed5 ch\u1ee9c Th\u01b0\u01a1ng m\u1ea1i \u0111\u01b0a l\u1ea1i nh\u1eefng b\u01b0\u1edbc ti\u1ebfn l\u1edbn m\u1ea1nh trong thu h\u00fat \u0111\u1ea7u t\u01b0 n\u01b0\u1edbc ngo\u00e0i v\u00e0o Vi\u1ec7t Nam. Cam k\u1ebft m\u1edf c\u1eeda th\u1ecb tr\u01b0\u1eddng trong c\u00e1c l\u0129nh v\u1ef1c b\u1ea5t \u0111\u1ed9ng s\u1ea3n, ph\u00e2n ph\u1ed1i h\u00e0ng h\u00f3a, logistic, ng\u00e2n h\u00e0ng, v\u1eadn t\u1ea3i \u0111a ph\u01b0\u01a1ng th\u1ee9c [...]","protected":false},"author":1,"featured_media":0,"parent":4242,"menu_order":0,"comment_status":"open","ping_status":"open","template":"tpl-blog.php","meta":{"footnotes":""},"class_list":["post-378","page","type-page","status-publish","hentry"],"_links":{"self":[{"href":"https:\/\/phidenson.com\/en\/wp-json\/wp\/v2\/pages\/378","targetHints":{"allow":["GET"]}}],"collection":[{"href":"https:\/\/phidenson.com\/en\/wp-json\/wp\/v2\/pages"}],"about":[{"href":"https:\/\/phidenson.com\/en\/wp-json\/wp\/v2\/types\/page"}],"author":[{"embeddable":true,"href":"https:\/\/phidenson.com\/en\/wp-json\/wp\/v2\/users\/1"}],"replies":[{"embeddable":true,"href":"https:\/\/phidenson.com\/en\/wp-json\/wp\/v2\/comments?post=378"}],"version-history":[{"count":4,"href":"https:\/\/phidenson.com\/en\/wp-json\/wp\/v2\/pages\/378\/revisions"}],"predecessor-version":[{"id":5569,"href":"https:\/\/phidenson.com\/en\/wp-json\/wp\/v2\/pages\/378\/revisions\/5569"}],"up":[{"embeddable":true,"href":"https:\/\/phidenson.com\/en\/wp-json\/wp\/v2\/pages\/4242"}],"wp:attachment":[{"href":"https:\/\/phidenson.com\/en\/wp-json\/wp\/v2\/media?parent=378"}],"curies":[{"name":"wp","href":"https:\/\/api.w.org\/{rel}","templated":true}]}}